{"id":15,"date":"2023-02-25T13:32:08","date_gmt":"2023-02-25T12:32:08","guid":{"rendered":"https:\/\/paumefrance.com\/?page_id=15"},"modified":"2025-12-01T16:16:06","modified_gmt":"2025-12-01T15:16:06","slug":"les-clubs","status":"publish","type":"page","link":"https:\/\/paumefrance.com\/en\/les-clubs\/","title":{"rendered":"Clubs"},"content":{"rendered":"<div  class=\"tpgb-container-row tpgb-block-f8cf1a_1203  tpgb-section-height-min-height tpgb-container-15    alignfull   tpgb-container-inline tpgb-container-full\" data-id=\"f8cf1a_1203\"  ><div class=\"tpgb-row-background\"><div class=\"tpgb-top-layer\"><\/div><\/div>\n<div  class=\"tpgb-heading-title tpgb-relative-block heading_style tpgb-block-e87c74_1203  heading-style-1\"><div class=\"sub-style\"><div class=\"head-title\"><h1 class=\"heading-title\">Clubs<\/h1><\/div><\/div><\/div>\n<\/div><style>.tpgb-block-f8cf1a_1203.tpgb-container-15{ background-image : url(https:\/\/paumefrance.com\/wp-content\/uploads\/2024\/07\/banner-logos-narrow-2.jpg) }<\/style>\n\n<div  class=\"tpgb-container-row tpgb-block-117bf9_15     alignfull   tpgb-container-inline tpgb-container-full\" data-id=\"117bf9_15\"  >\n<div  class=\"tpgb-container-row tpgb-block-ed5aac_15  tpgb-container-15    alignwide   tpgb-container-inline tpgb-container-wide\" data-id=\"ed5aac_15\"  ><div class=\"tpgb-cont-in\">\n<div class=\"tpgb-tabs-tours tpgb-block-8920fa_15 tab-view-horizontal\"><div class=\"tpgb-tabs-wrapper tpgb-relative-block tpex-   nav-one-by-one\" data-tab-default=\"1\" data-tab-hover=\"no\" ><div class=\"tpgb-tabs-nav-wrapper  text-center\"><div class=\"tpgb-tabs-nav tpgb-trans-linear  normal-width-icon  full-width\" role=\"tablist\"><div class=\"tpgb-tab-li\"><div id=\"tpag-tab-title-8920fa_151\" class=\"tpgb-tab-header tpgb-trans-linear  active\" data-tab=\"1\" role=\"tab\" aria-controls=\"tpag-tab-content-8920fa_151\"><span>Paris<\/span><\/div><\/div><div class=\"tpgb-tab-li\"><div id=\"tpag-tab-title-8920fa_152\" class=\"tpgb-tab-header tpgb-trans-linear\" data-tab=\"2\" role=\"tab\" aria-controls=\"tpag-tab-content-8920fa_152\"><span>Bordeaux-M\u00e9rignac<\/span><\/div><\/div><div class=\"tpgb-tab-li\"><div id=\"tpag-tab-title-8920fa_153\" class=\"tpgb-tab-header tpgb-trans-linear\" data-tab=\"3\" role=\"tab\" aria-controls=\"tpag-tab-content-8920fa_153\"><span>Fontainebleau<\/span><\/div><\/div><div class=\"tpgb-tab-li\"><div id=\"tpag-tab-title-8920fa_154\" class=\"tpgb-tab-header tpgb-trans-linear\" data-tab=\"4\" role=\"tab\" aria-controls=\"tpag-tab-content-8920fa_154\"><span>Pau Navarre<\/span><\/div><\/div><div class=\"tpgb-tab-li\"><div id=\"tpag-tab-title-8920fa_155\" class=\"tpgb-tab-header tpgb-trans-linear\" data-tab=\"5\" role=\"tab\" aria-controls=\"tpag-tab-content-8920fa_155\"><span>Bayonne-Pays Basque<\/span><\/div><\/div><div class=\"tpgb-tab-li\"><div id=\"tpag-tab-title-8920fa_156\" class=\"tpgb-tab-header tpgb-trans-linear\" data-tab=\"6\" role=\"tab\" aria-controls=\"tpag-tab-content-8920fa_156\"><span>Chinon<\/span><\/div><\/div><\/div><\/div><div class=\"tpgb-tabs-content-wrapper tpgb-trans-linear\"><div class=\"tab-mobile-title  active text-center\" data-tab=\"1\"><span>Paris<\/span><\/div><div class=\"tab-mobile-title  text-center\" data-tab=\"2\"><span>Bordeaux-M\u00e9rignac<\/span><\/div><div class=\"tab-mobile-title  text-center\" data-tab=\"3\"><span>Fontainebleau<\/span><\/div><div class=\"tab-mobile-title  text-center\" data-tab=\"4\"><span>Pau Navarre<\/span><\/div><div class=\"tab-mobile-title  text-center\" data-tab=\"5\"><span>Bayonne-Pays Basque<\/span><\/div><div class=\"tab-mobile-title  text-center\" data-tab=\"6\"><span>Chinon<\/span><\/div>\n<div class=\"tpgb-tab-content  active\" data-tab=\"1\" role=\"tabpanel\">\n<div  class=\"tpgb-container-row tpgb-block-1f49d2_15  tpgb-container-15      tpgb-container-wide\" data-id=\"1f49d2_15\"  ><div class=\"tpgb-cont-in\">\n<div class=\"tpgb-container-col tpgb-block-e44ead_15\" data-id=\"e44ead_15\"  >\n<div class=\"tpgb-pro-paragraph tpgb-block-2d2527_15\"><h3 class=\"pro-heading-inner\">Paris<\/h3><div class=\"pro-paragraph-inner\"><p>The Club du Jeu de Paume de Paris is a remarkable place. Perched on the top floor of a building on rue Lauriston, between the Arc de Triomphe and the Trocad\u00e9ro, under a double glass roof thirty meters high, are four squash courts, a jeu de paume court, a fitness room and a bar\/restaurant<\/p><\/div><\/div>\n\n<div  class=\"tpgb-container-row tpgb-block-3c0055_15     alignwide   tpgb-container-inline tpgb-container-wide\" data-id=\"3c0055_15\"  ><div class=\"tpgb-cont-in\">\n<div class=\"tpgb-plus-button tpgb-relative-block tpgb-block-4b5157_15 button-style-10\"><div class=\"animted-content-inner\"><a href=\"\/en\/les-clubs\/paris\/\"   class=\"button-link-wrap\" role=\"button\" aria-label=\"En savoir plus\" data-hover=\"Click Here\" ><span>En savoir plus<\/span><\/a><\/div><\/div>\n\n<div class=\"tpgb-plus-button tpgb-relative-block tpgb-block-bfcf59_15 button-style-13 hover-left\"><div class=\"animted-content-inner\"><a href=\"https:\/\/www.squashjeudepaume.com\"  target=\"_blank\"   class=\"button-link-wrap\" role=\"button\" aria-label=\"Site web\" data-hover=\"Click Here\" ><span><span class=\"btn-icon   button-before\"><i class=\"fas fa-external-link-alt\"><\/i><\/span>Site web<\/span><\/a><\/div><\/div>\n<\/div><\/div>\n<\/div>\n\n<div class=\"tpgb-container-col tpgb-block-50e17c_15\" data-id=\"50e17c_15\"  ><\/div>\n<\/div><\/div>\n<\/div>\n\n<div class=\"tpgb-tab-content\" data-tab=\"2\" role=\"tabpanel\">\n<div  class=\"tpgb-container-row tpgb-block-558554_15  tpgb-container-15      tpgb-container-wide\" data-id=\"558554_15\"  ><div class=\"tpgb-cont-in\">\n<div class=\"tpgb-container-col tpgb-block-892534_15\" data-id=\"892534_15\"  >\n<div class=\"tpgb-pro-paragraph tpgb-block-ce9dde_15\"><h3 class=\"pro-heading-inner\">Bordeaux-M\u00e9rignac<\/h3><div class=\"pro-paragraph-inner\"><p>Le club de Bordeaux est un haut lieu du Jeu de paume fran\u00e7ais et a accueilli bon nombre des plus grandes comp\u00e9titions internationales. Les plus grands joueurs s\u2019y sont affront\u00e9s.<\/p><\/div><\/div>\n\n<div  class=\"tpgb-container-row tpgb-block-e79772_15     alignwide   tpgb-container-inline tpgb-container-wide\" data-id=\"e79772_15\"  ><div class=\"tpgb-cont-in\">\n<div class=\"tpgb-plus-button tpgb-relative-block tpgb-block-e0b936_15 button-style-10\"><div class=\"animted-content-inner\"><a href=\"\/en\/les-clubs\/bordeaux-merignac\/\"   class=\"button-link-wrap\" role=\"button\" aria-label=\"En savoir plus\" data-hover=\"Click Here\" ><span>En savoir plus<\/span><\/a><\/div><\/div>\n\n<div class=\"tpgb-plus-button tpgb-relative-block tpgb-block-d0fc82_15 button-style-13 hover-left\"><div class=\"animted-content-inner\"><a href=\"https:\/\/www.jeudepaumebordeaux.fr\/\"  target=\"_blank\"   class=\"button-link-wrap\" role=\"button\" aria-label=\"Site web\" data-hover=\"Click Here\" ><span><span class=\"btn-icon   button-before\"><i class=\"fas fa-external-link-alt\"><\/i><\/span>Site web<\/span><\/a><\/div><\/div>\n<\/div><\/div>\n<\/div>\n\n<div class=\"tpgb-container-col tpgb-block-0cb7d5_15\" data-id=\"0cb7d5_15\"  ><\/div>\n<\/div><\/div>\n<\/div>\n\n<div class=\"tpgb-tab-content\" data-tab=\"3\" role=\"tabpanel\">\n<div  class=\"tpgb-container-row tpgb-block-3dd1d1_15  tpgb-container-15      tpgb-container-wide\" data-id=\"3dd1d1_15\"  ><div class=\"tpgb-cont-in\">\n<div class=\"tpgb-container-col tpgb-block-7ab0c1_15\" data-id=\"7ab0c1_15\"  >\n<div class=\"tpgb-pro-paragraph tpgb-block-5a114f_15\"><h3 class=\"pro-heading-inner\">Fontainebleau<\/h3><div class=\"pro-paragraph-inner\"><p>La salle du ch\u00e2teau de Fontainebleau, b\u00e2tie en 1601 et r\u00e9nov\u00e9e en 1732 apr\u00e8s un incendie, est l\u2019une des derni\u00e8res salles historiques dans le monde o\u00f9 l\u2019on peut pratiquer ce sport autrefois si populaire.<\/p><\/div><\/div>\n\n<div  class=\"tpgb-container-row tpgb-block-2610ac_15     alignwide   tpgb-container-inline tpgb-container-wide\" data-id=\"2610ac_15\"  ><div class=\"tpgb-cont-in\">\n<div class=\"tpgb-plus-button tpgb-relative-block tpgb-block-5a8628_15 button-style-10\"><div class=\"animted-content-inner\"><a href=\"\/en\/les-clubs\/fontainebleau\/\"   class=\"button-link-wrap\" role=\"button\" aria-label=\"En savoir plus\" data-hover=\"Click Here\" ><span>En savoir plus<\/span><\/a><\/div><\/div>\n\n<div class=\"tpgb-plus-button tpgb-relative-block tpgb-block-5fea48_15 button-style-13 hover-left\"><div class=\"animted-content-inner\"><a href=\"https:\/\/www.fontainebleau-tourisme.com\/fr\/fiche\/5087863\/le-cercle-du-jeu-de-paume\/\"  target=\"_blank\"   class=\"button-link-wrap\" role=\"button\" aria-label=\"Site web\" data-hover=\"Click Here\" ><span><span class=\"btn-icon   button-before\"><i class=\"fas fa-external-link-alt\"><\/i><\/span>Site web<\/span><\/a><\/div><\/div>\n<\/div><\/div>\n<\/div>\n\n<div class=\"tpgb-container-col tpgb-block-69d520_15\" data-id=\"69d520_15\"  ><\/div>\n<\/div><\/div>\n<\/div>\n\n<div class=\"tpgb-tab-content\" data-tab=\"4\" role=\"tabpanel\">\n<div  class=\"tpgb-container-row tpgb-block-3d61ce_15  tpgb-container-15      tpgb-container-wide\" data-id=\"3d61ce_15\"  ><div class=\"tpgb-cont-in\">\n<div class=\"tpgb-container-col tpgb-block-b4e85b_15\" data-id=\"b4e85b_15\"  >\n<div class=\"tpgb-pro-paragraph tpgb-block-26aa38_15\"><h3 class=\"pro-heading-inner\">Pau Navarre<\/h3><div class=\"pro-paragraph-inner\"><p>Le jeu de paume du Parc Beaumont est construit en 1887 sur le mod\u00e8le du jeu de paume des\u00a0Tuileries \u00e0 Paris par le m\u00eame architecte, Melchior Viraut. Tout d\u2019abord haut lieu du sport de courte paume \u00e0 Pau, l\u2019int\u00e9rieur de l\u2019\u00e9difice a ensuite \u00e9t\u00e9 adapt\u00e9 \u00e0 la pratique de la pelote basque en 1952.<\/p><\/div><\/div>\n\n<div  class=\"tpgb-container-row tpgb-block-22c5d7_15     alignwide   tpgb-container-inline tpgb-container-wide\" data-id=\"22c5d7_15\"  ><div class=\"tpgb-cont-in\">\n<div class=\"tpgb-plus-button tpgb-relative-block tpgb-block-aa6d2e_15 button-style-10\"><div class=\"animted-content-inner\"><a href=\"\/en\/les-clubs\/pau-navarre\/\"   class=\"button-link-wrap\" role=\"button\" aria-label=\"En savoir plus\" data-hover=\"Click Here\" ><span>En savoir plus<\/span><\/a><\/div><\/div>\n\n<div class=\"tpgb-plus-button tpgb-relative-block tpgb-block-3c15b7_15 button-style-13 hover-left\"><div class=\"animted-content-inner\"><a href=\"https:\/\/www.facebook.com\/p\/Jeu-de-Paume-de-Navarre-100057480197457\/\"  target=\"_blank\"   class=\"button-link-wrap\" role=\"button\" aria-label=\"Site web\" data-hover=\"Click Here\" ><span><span class=\"btn-icon   button-before\"><i class=\"fas fa-external-link-alt\"><\/i><\/span>Site web<\/span><\/a><\/div><\/div>\n<\/div><\/div>\n<\/div>\n\n<div class=\"tpgb-container-col tpgb-block-ed0969_15\" data-id=\"ed0969_15\"  ><\/div>\n<\/div><\/div>\n<\/div>\n\n<div class=\"tpgb-tab-content\" data-tab=\"5\" role=\"tabpanel\">\n<div  class=\"tpgb-container-row tpgb-block-46ca7c_15  tpgb-container-15      tpgb-container-wide\" data-id=\"46ca7c_15\"  ><div class=\"tpgb-cont-in\">\n<div class=\"tpgb-container-col tpgb-block-cdb381_15\" data-id=\"cdb381_15\"  >\n<div class=\"tpgb-pro-paragraph tpgb-block-9d8cf3_15\"><h3 class=\"pro-heading-inner\"> Bayonne-Pays Basque<\/h3><div class=\"pro-paragraph-inner\"><p>X<\/p><\/div><\/div>\n\n<div  class=\"tpgb-container-row tpgb-block-78c9e9_15     alignwide   tpgb-container-inline tpgb-container-wide\" data-id=\"78c9e9_15\"  ><div class=\"tpgb-cont-in\">\n<div class=\"tpgb-plus-button tpgb-relative-block tpgb-block-94be63_15 button-style-10\"><div class=\"animted-content-inner\"><a href=\"\/en\/les-clubs\/urrugne-bayonne-la-bastide-clairence\/\"   class=\"button-link-wrap\" role=\"button\" aria-label=\"En savoir plus\" data-hover=\"Click Here\" ><span>En savoir plus<\/span><\/a><\/div><\/div>\n\n<div class=\"tpgb-plus-button tpgb-relative-block tpgb-block-3630af_15 button-style-13 hover-left\"><div class=\"animted-content-inner\"><a href=\"http:\/\/www.jeudepaumebayonne.com\"  target=\"_blank\"   class=\"button-link-wrap\" role=\"button\" aria-label=\"Site web\" data-hover=\"Click Here\" ><span><span class=\"btn-icon   button-before\"><i class=\"fas fa-external-link-alt\"><\/i><\/span>Site web<\/span><\/a><\/div><\/div>\n<\/div><\/div>\n<\/div>\n\n<div class=\"tpgb-container-col tpgb-block-0253c1_15\" data-id=\"0253c1_15\"  ><\/div>\n<\/div><\/div>\n<\/div>\n\n<div class=\"tpgb-tab-content\" data-tab=\"6\" role=\"tabpanel\">\n<div  class=\"tpgb-container-row tpgb-block-cdc5f1_15  tpgb-container-15      tpgb-container-wide\" data-id=\"cdc5f1_15\"  ><div class=\"tpgb-cont-in\">\n<div class=\"tpgb-container-col tpgb-block-bf566d_15\" data-id=\"bf566d_15\"  >\n<div class=\"tpgb-pro-paragraph tpgb-block-99463a_15\"><h3 class=\"pro-heading-inner\">Chinon<\/h3><div class=\"pro-paragraph-inner\"><p>La ville de Chinon, situ\u00e9e en Indre et Loire sur les bords de la Vienne est c\u00e9l\u00e8bre notamment pour sa forteresse, son vin, Jeanne d\u2019Arc ou Rabelais, on sait moins, qu\u2019\u00e0 l\u2019instar de nombreuses villes fran\u00e7aises, elle a pu abriter jusqu\u2019\u00e0 5 jeux de paume pendant la Renaissance.<\/p><\/div><\/div>\n\n<div  class=\"tpgb-container-row tpgb-block-2da80f_15     alignwide   tpgb-container-inline tpgb-container-wide\" data-id=\"2da80f_15\"  ><div class=\"tpgb-cont-in\">\n<div class=\"tpgb-plus-button tpgb-relative-block tpgb-block-d0af98_15 button-style-10\"><div class=\"animted-content-inner\"><a href=\"\/en\/les-clubs\/chinon\/\"   class=\"button-link-wrap\" role=\"button\" aria-label=\"En savoir plus\" data-hover=\"Click Here\" ><span>En savoir plus<\/span><\/a><\/div><\/div>\n\n<div class=\"tpgb-plus-button tpgb-relative-block tpgb-block-c51a7f_15 button-style-13 hover-left\"><div class=\"animted-content-inner\"><a href=\"https:\/\/www.fondation-patrimoine.org\/les-projets\/salle-de-jeu-de-paume-a-chinon\"  target=\"_blank\"   class=\"button-link-wrap\" role=\"button\" aria-label=\"Site web\" data-hover=\"Click Here\" ><span><span class=\"btn-icon   button-before\"><i class=\"fas fa-external-link-alt\"><\/i><\/span>Site web<\/span><\/a><\/div><\/div>\n<\/div><\/div>\n<\/div>\n\n<div class=\"tpgb-container-col tpgb-block-465a0e_15\" data-id=\"465a0e_15\"  ><\/div>\n<\/div><\/div>\n<\/div>\n<\/div><\/div><\/div>\n<\/div><\/div>\n<\/div>","protected":false},"excerpt":{"rendered":"","protected":false},"author":1,"featured_media":5883,"parent":0,"menu_order":20,"comment_status":"closed","ping_status":"closed","template":"","meta":{"_acf_changed":false,"tpgb_global_settings":"","_uag_custom_page_level_css":"","site-sidebar-layout":"default","site-content-layout":"","ast-site-content-layout":"default","site-content-style":"default","site-sidebar-style":"default","ast-global-header-display":"","ast-banner-title-visibility":"","ast-main-header-display":"","ast-hfb-above-header-display":"","ast-hfb-below-header-display":"","ast-hfb-mobile-header-display":"","site-post-title":"disabled","ast-breadcrumbs-content":"","ast-featured-img":"disabled","footer-sml-layout":"","theme-transparent-header-meta":"","adv-header-id-meta":"","stick-header-meta":"","header-above-stick-meta":"","header-main-stick-meta":"","header-below-stick-meta":"","astra-migrate-meta-layouts":"set","ast-page-background-enabled":"default","ast-page-background-meta":{"desktop":{"background-color":"var(--ast-global-color-4)","background-image":"","background-repeat":"repeat","background-position":"center center","background-size":"auto","background-attachment":"scroll","background-type":"","background-media":"","overlay-type":"","overlay-color":"","overlay-gradient":""},"tablet":{"background-color":"","background-image":"","background-repeat":"repeat","background-position":"center center","background-size":"auto","background-attachment":"scroll","background-type":"","background-media":"","overlay-type":"","overlay-color":"","overlay-gradient":""},"mobile":{"background-color":"","background-image":"","background-repeat":"repeat","background-position":"center center","background-size":"auto","background-attachment":"scroll","background-type":"","background-media":"","overlay-type":"","overlay-color":"","overlay-gradient":""}},"ast-content-background-meta":{"desktop":{"background-color":"var(--ast-global-color-5)","background-image":"","background-repeat":"repeat","background-position":"center center","background-size":"auto","background-attachment":"scroll","background-type":"","background-media":"","overlay-type":"","overlay-color":"","overlay-gradient":""},"tablet":{"background-color":"var(--ast-global-color-5)","background-image":"","background-repeat":"repeat","background-position":"center center","background-size":"auto","background-attachment":"scroll","background-type":"","background-media":"","overlay-type":"","overlay-color":"","overlay-gradient":""},"mobile":{"background-color":"var(--ast-global-color-5)","background-image":"","background-repeat":"repeat","background-position":"center center","background-size":"auto","background-attachment":"scroll","background-type":"","background-media":"","overlay-type":"","overlay-color":"","overlay-gradient":""}},"_EventAllDay":false,"_EventTimezone":"","_EventStartDate":"","_EventEndDate":"","_EventStartDateUTC":"","_EventEndDateUTC":"","_EventShowMap":false,"_EventShowMapLink":false,"_EventURL":"","_EventCost":"","_EventCostDescription":"","_EventCurrencySymbol":"","_EventCurrencyCode":"","_EventCurrencyPosition":"","_EventDateTimeSeparator":"","_EventTimeRangeSeparator":"","_EventOrganizerID":[],"_EventVenueID":[0],"_OrganizerEmail":"","_OrganizerPhone":"","_OrganizerWebsite":"","_VenueAddress":"","_VenueCity":"","_VenueCountry":"","_VenueProvince":"","_VenueState":"","_VenueZip":"","_VenuePhone":"","_VenueURL":"","_VenueStateProvince":"","_VenueLat":"","_VenueLng":"","_VenueShowMap":false,"_VenueShowMapLink":false,"footnotes":""},"class_list":["post-15","page","type-page","status-publish","has-post-thumbnail","hentry"],"acf":[],"tpgb_featured_images":{"full":["https:\/\/paumefrance.com\/wp-content\/uploads\/2024\/07\/banner-logos-narrow-2.jpg",1078,227,false],"tp-image-grid":["https:\/\/paumefrance.com\/wp-content\/uploads\/2024\/07\/banner-logos-narrow-2-700x700.jpg",700,700,true],"thumbnail":["https:\/\/paumefrance.com\/wp-content\/uploads\/2024\/07\/banner-logos-narrow-2-150x150.jpg",150,150,true],"medium":["https:\/\/paumefrance.com\/wp-content\/uploads\/2024\/07\/banner-logos-narrow-2-300x63.jpg",300,63,true],"medium_large":["https:\/\/paumefrance.com\/wp-content\/uploads\/2024\/07\/banner-logos-narrow-2-768x162.jpg",768,162,true],"large":["https:\/\/paumefrance.com\/wp-content\/uploads\/2024\/07\/banner-logos-narrow-2-1024x216.jpg",1024,216,true],"default":"https:\/\/paumefrance.com\/wp-content\/plugins\/the-plus-addons-for-block-editor\/assets\/images\/tpgb-placeholder.jpg"},"tpgb_post_meta_info":{"get_date":"25 February 2023","author_name":"Alain LIM","author_url":"#","author_email":"tegomassria@gmail.com","author_website":"","author_description":"","author_facebook":"","author_twitter":"","author_instagram":"","author_role":["administrator"],"author_firstname":"Alain","author_lastname":"LIM","user_login":"tegomassria","author_avatar":"<img alt='' src='https:\/\/secure.gravatar.com\/avatar\/2e94265b538a7c35ccd0671e94a2164db734a13410595ffaf671c113d3ea4dfd?s=200&#038;d=mm&#038;r=g' srcset='https:\/\/secure.gravatar.com\/avatar\/2e94265b538a7c35ccd0671e94a2164db734a13410595ffaf671c113d3ea4dfd?s=400&#038;d=mm&#038;r=g 2x' class='avatar avatar-200 photo' height='200' width='200' decoding='async'\/>","author_avatar_url":"https:\/\/secure.gravatar.com\/avatar\/2e94265b538a7c35ccd0671e94a2164db734a13410595ffaf671c113d3ea4dfd?s=96&d=mm&r=g","comment_count":0,"post_likes":0,"post_views":0},"tpgb_post_category":[],"uagb_featured_image_src":{"full":["https:\/\/paumefrance.com\/wp-content\/uploads\/2024\/07\/banner-logos-narrow-2.jpg",1078,227,false],"thumbnail":["https:\/\/paumefrance.com\/wp-content\/uploads\/2024\/07\/banner-logos-narrow-2-150x150.jpg",150,150,true],"medium":["https:\/\/paumefrance.com\/wp-content\/uploads\/2024\/07\/banner-logos-narrow-2-300x63.jpg",300,63,true],"medium_large":["https:\/\/paumefrance.com\/wp-content\/uploads\/2024\/07\/banner-logos-narrow-2-768x162.jpg",768,162,true],"large":["https:\/\/paumefrance.com\/wp-content\/uploads\/2024\/07\/banner-logos-narrow-2-1024x216.jpg",1024,216,true],"1536x1536":["https:\/\/paumefrance.com\/wp-content\/uploads\/2024\/07\/banner-logos-narrow-2.jpg",1078,227,false],"2048x2048":["https:\/\/paumefrance.com\/wp-content\/uploads\/2024\/07\/banner-logos-narrow-2.jpg",1078,227,false],"trp-custom-language-flag":["https:\/\/paumefrance.com\/wp-content\/uploads\/2024\/07\/banner-logos-narrow-2-18x4.jpg",18,4,true],"tp-image-grid":["https:\/\/paumefrance.com\/wp-content\/uploads\/2024\/07\/banner-logos-narrow-2-700x700.jpg",700,700,true]},"uagb_author_info":{"display_name":"Alain LIM","author_link":"#"},"uagb_comment_info":0,"uagb_excerpt":null,"_links":{"self":[{"href":"https:\/\/paumefrance.com\/en\/wp-json\/wp\/v2\/pages\/15","targetHints":{"allow":["GET"]}}],"collection":[{"href":"https:\/\/paumefrance.com\/en\/wp-json\/wp\/v2\/pages"}],"about":[{"href":"https:\/\/paumefrance.com\/en\/wp-json\/wp\/v2\/types\/page"}],"author":[{"embeddable":true,"href":"https:\/\/paumefrance.com\/en\/wp-json\/wp\/v2\/users\/1"}],"replies":[{"embeddable":true,"href":"https:\/\/paumefrance.com\/en\/wp-json\/wp\/v2\/comments?post=15"}],"version-history":[{"count":9,"href":"https:\/\/paumefrance.com\/en\/wp-json\/wp\/v2\/pages\/15\/revisions"}],"predecessor-version":[{"id":7229,"href":"https:\/\/paumefrance.com\/en\/wp-json\/wp\/v2\/pages\/15\/revisions\/7229"}],"wp:featuredmedia":[{"embeddable":true,"href":"https:\/\/paumefrance.com\/en\/wp-json\/wp\/v2\/media\/5883"}],"wp:attachment":[{"href":"https:\/\/paumefrance.com\/en\/wp-json\/wp\/v2\/media?parent=15"}],"curies":[{"name":"wp","href":"https:\/\/api.w.org\/{rel}","templated":true}]}}