{"id":1627,"date":"2023-07-17T09:58:43","date_gmt":"2023-07-17T07:58:43","guid":{"rendered":"https:\/\/paumefrance.com\/?page_id=1627"},"modified":"2023-08-25T15:44:40","modified_gmt":"2023-08-25T13:44:40","slug":"partenaires","status":"publish","type":"page","link":"https:\/\/paumefrance.com\/en\/partenaires\/","title":{"rendered":"Partners"},"content":{"rendered":"<div  class=\"tpgb-container-row tpgb-block-f8cf1a_1203  tpgb-section-height-min-height tpgb-container-1627    alignfull   tpgb-container-inline tpgb-container-full\" data-id=\"f8cf1a_1203\"  ><div class=\"tpgb-row-background\"><div class=\"tpgb-top-layer\"><\/div><\/div>\n<div  class=\"tpgb-heading-title tpgb-relative-block heading_style tpgb-block-e87c74_1203  heading-style-1\"><div class=\"sub-style\"><div class=\"head-title\"><h1 class=\"heading-title\">Partners<\/h1><\/div><\/div><\/div>\n<\/div><style>.tpgb-block-f8cf1a_1203.tpgb-container-1627{ background-image : url(https:\/\/paumefrance.com\/wp-content\/uploads\/2023\/07\/slider.jpg) }<\/style>\n\n<div  class=\"tpgb-container-row tpgb-block-db9f4f     alignfull   tpgb-container-inline tpgb-container-full\" data-id=\"db9f4f\"  >\n<div  class=\"tpgb-container-row tpgb-block-c8af53  tpgb-container-1627 tpgb-container-1627    alignwide  tpgb-equal-height  tpgb-container-inline tpgb-container-wide\" data-id=\"c8af53\"   data-tpgb-equal-height=\"partner\"><div class=\"tpgb-cont-in\">\n<div  class=\"tpgb-wrap-543704 partner\"   ><div class=\"tpgb-infobox tpgb-relative-block tpgb-trans-linear tpgb-block-543704  info-box-style-3\" ><div class=\"post-inner-loop\"><div class=\"info-box-inner tpgb-trans-linear tpgb_cnt_hvr_effect tpgb-relative-block tp-info-nc cnt_hvr_\"><a href=\"https:\/\/adequancy.com\/adequancy-partenaire-du-comite-francais-de-courte-paume\/\" class=\"info-box-bg-box tpgb-trans-linear icon-overlay\"   ><div class=\"text-alignment\"><div class=\"style-3\"><div class=\"info-icon-content\"><div class=\"service-icon-wrap tpgb-trans-linear\"><img decoding=\"async\" src=\"https:\/\/paumefrance.com\/wp-content\/uploads\/2023\/07\/adequancy-logo.svg\" class=\"service-icon tpgb-trans-linear\" alt=\"adequancy logo\" \/><\/div><\/div><h3 class=\"service-title tpgb-trans-linear\">Adequancy<\/h3><div class=\"service-desc tpgb-trans-linear\">Partenaire commercial<\/div><\/div><\/div><\/a><div class=\"infobox-overlay-color tpgb-trans-linear\"><\/div><\/div><\/div><style>.tpgb-block-543704.tpgb-infobox.info-box-style-3 .icon-overlay .info-icon-content{top: calc(0% - 30px);}<\/style><\/div><\/div>\n\n<div  class=\"tpgb-wrap-0767d5 partner\"   ><div class=\"tpgb-infobox tpgb-relative-block tpgb-trans-linear tpgb-block-0767d5  info-box-style-3\" ><div class=\"post-inner-loop\"><div class=\"info-box-inner tpgb-trans-linear tpgb_cnt_hvr_effect tpgb-relative-block tp-info-nc cnt_hvr_\"><a href=\"https:\/\/www.fft.fr\/\" class=\"info-box-bg-box tpgb-trans-linear icon-overlay\"   ><div class=\"text-alignment\"><div class=\"style-3\"><div class=\"info-icon-content\"><div class=\"service-icon-wrap tpgb-trans-linear\"><img decoding=\"async\" width=\"33\" height=\"50\" src=\"https:\/\/paumefrance.com\/wp-content\/uploads\/2023\/07\/FFT.png\" class=\"service-icon tpgb-trans-linear\" alt=\"FFT\" srcset=\"https:\/\/paumefrance.com\/wp-content\/uploads\/2023\/07\/FFT.png 33w, https:\/\/paumefrance.com\/wp-content\/uploads\/2023\/07\/FFT-8x12.png 8w\" sizes=\"(max-width: 33px) 100vw, 33px\" \/><\/div><\/div><h3 class=\"service-title tpgb-trans-linear\">F\u00e9d\u00e9ration Fran\u00e7aise de Tennis<\/h3><div class=\"service-desc tpgb-trans-linear\">Partenaire sportif<\/div><\/div><\/div><\/a><div class=\"infobox-overlay-color tpgb-trans-linear\"><\/div><\/div><\/div><style>.tpgb-block-0767d5.tpgb-infobox.info-box-style-3 .icon-overlay .info-icon-content{top: calc(0% - 30px);}<\/style><\/div><\/div>\n\n<div  class=\"tpgb-wrap-9280be partner\"   ><div class=\"tpgb-infobox tpgb-relative-block tpgb-trans-linear tpgb-block-9280be  info-box-style-3\" ><div class=\"post-inner-loop\"><div class=\"info-box-inner tpgb-trans-linear tpgb_cnt_hvr_effect tpgb-relative-block tp-info-nc cnt_hvr_\"><a href=\"https:\/\/www.fft.fr\/\" class=\"info-box-bg-box tpgb-trans-linear icon-overlay\"   ><div class=\"text-alignment\"><div class=\"style-3\"><div class=\"info-icon-content\"><div class=\"service-icon-wrap tpgb-trans-linear\"><img decoding=\"async\" width=\"311\" height=\"162\" src=\"https:\/\/paumefrance.com\/wp-content\/uploads\/2023\/08\/grays.png\" class=\"service-icon tpgb-trans-linear\" alt=\"grays\" srcset=\"https:\/\/paumefrance.com\/wp-content\/uploads\/2023\/08\/grays.png 311w, https:\/\/paumefrance.com\/wp-content\/uploads\/2023\/08\/grays-300x156.png 300w, https:\/\/paumefrance.com\/wp-content\/uploads\/2023\/08\/grays-18x9.png 18w\" sizes=\"(max-width: 311px) 100vw, 311px\" \/><\/div><\/div><h3 class=\"service-title tpgb-trans-linear\">Greys<\/h3><div class=\"service-desc tpgb-trans-linear\">Partenaire sportif<\/div><\/div><\/div><\/a><div class=\"infobox-overlay-color tpgb-trans-linear\"><\/div><\/div><\/div><style>.tpgb-block-9280be.tpgb-infobox.info-box-style-3 .icon-overlay .info-icon-content{top: calc(0% - 30px);}<\/style><\/div><\/div>\n\n<div  class=\"tpgb-wrap-9a7fb9 partner\"   ><div class=\"tpgb-infobox tpgb-relative-block tpgb-trans-linear tpgb-block-9a7fb9  info-box-style-3\" ><div class=\"post-inner-loop\"><div class=\"info-box-inner tpgb-trans-linear tpgb_cnt_hvr_effect tpgb-relative-block tp-info-nc cnt_hvr_\"><a href=\"https:\/\/www.fft.fr\/\" class=\"info-box-bg-box tpgb-trans-linear icon-overlay\"   ><div class=\"text-alignment\"><div class=\"style-3\"><div class=\"info-icon-content\"><div class=\"service-icon-wrap tpgb-trans-linear\"><img decoding=\"async\" width=\"1024\" height=\"724\" src=\"https:\/\/paumefrance.com\/wp-content\/uploads\/2023\/08\/Champagne_PolRoger_Logo_-1024x724.png\" class=\"service-icon tpgb-trans-linear\" alt=\"Champagne_PolRoger_Logo_\" srcset=\"https:\/\/paumefrance.com\/wp-content\/uploads\/2023\/08\/Champagne_PolRoger_Logo_-1024x724.png 1024w, https:\/\/paumefrance.com\/wp-content\/uploads\/2023\/08\/Champagne_PolRoger_Logo_-300x212.png 300w, https:\/\/paumefrance.com\/wp-content\/uploads\/2023\/08\/Champagne_PolRoger_Logo_-768x543.png 768w, https:\/\/paumefrance.com\/wp-content\/uploads\/2023\/08\/Champagne_PolRoger_Logo_-1536x1086.png 1536w, https:\/\/paumefrance.com\/wp-content\/uploads\/2023\/08\/Champagne_PolRoger_Logo_-2048x1448.png 2048w, https:\/\/paumefrance.com\/wp-content\/uploads\/2023\/08\/Champagne_PolRoger_Logo_-18x12.png 18w\" sizes=\"(max-width: 1024px) 100vw, 1024px\" \/><\/div><\/div><h3 class=\"service-title tpgb-trans-linear\">Pol Roger<\/h3><div class=\"service-desc tpgb-trans-linear\">Partenaire commercial<\/div><\/div><\/div><\/a><div class=\"infobox-overlay-color tpgb-trans-linear\"><\/div><\/div><\/div><style>.tpgb-block-9a7fb9.tpgb-infobox.info-box-style-3 .icon-overlay .info-icon-content{top: calc(0% - 30px);}<\/style><\/div><\/div>\n<\/div><\/div>\n<\/div>","protected":false},"excerpt":{"rendered":"","protected":false},"author":1,"featured_media":198,"parent":0,"menu_order":210,"comment_status":"closed","ping_status":"closed","template":"","meta":{"_acf_changed":false,"tpgb_global_settings":"","_uag_custom_page_level_css":"","site-sidebar-layout":"default","site-content-layout":"","ast-site-content-layout":"default","site-content-style":"default","site-sidebar-style":"default","ast-global-header-display":"","ast-banner-title-visibility":"","ast-main-header-display":"","ast-hfb-above-header-display":"","ast-hfb-below-header-display":"","ast-hfb-mobile-header-display":"","site-post-title":"disabled","ast-breadcrumbs-content":"","ast-featured-img":"disabled","footer-sml-layout":"","theme-transparent-header-meta":"","adv-header-id-meta":"","stick-header-meta":"","header-above-stick-meta":"","header-main-stick-meta":"","header-below-stick-meta":"","astra-migrate-meta-layouts":"set","ast-page-background-enabled":"default","ast-page-background-meta":{"desktop":{"background-color":"var(--ast-global-color-4)","background-image":"","background-repeat":"repeat","background-position":"center center","background-size":"auto","background-attachment":"scroll","background-type":"","background-media":"","overlay-type":"","overlay-color":"","overlay-gradient":""},"tablet":{"background-color":"","background-image":"","background-repeat":"repeat","background-position":"center center","background-size":"auto","background-attachment":"scroll","background-type":"","background-media":"","overlay-type":"","overlay-color":"","overlay-gradient":""},"mobile":{"background-color":"","background-image":"","background-repeat":"repeat","background-position":"center center","background-size":"auto","background-attachment":"scroll","background-type":"","background-media":"","overlay-type":"","overlay-color":"","overlay-gradient":""}},"ast-content-background-meta":{"desktop":{"background-color":"var(--ast-global-color-5)","background-image":"","background-repeat":"repeat","background-position":"center center","background-size":"auto","background-attachment":"scroll","background-type":"","background-media":"","overlay-type":"","overlay-color":"","overlay-gradient":""},"tablet":{"background-color":"var(--ast-global-color-5)","background-image":"","background-repeat":"repeat","background-position":"center center","background-size":"auto","background-attachment":"scroll","background-type":"","background-media":"","overlay-type":"","overlay-color":"","overlay-gradient":""},"mobile":{"background-color":"var(--ast-global-color-5)","background-image":"","background-repeat":"repeat","background-position":"center center","background-size":"auto","background-attachment":"scroll","background-type":"","background-media":"","overlay-type":"","overlay-color":"","overlay-gradient":""}},"_EventAllDay":false,"_EventTimezone":"","_EventStartDate":"","_EventEndDate":"","_EventStartDateUTC":"","_EventEndDateUTC":"","_EventShowMap":false,"_EventShowMapLink":false,"_EventURL":"","_EventCost":"","_EventCostDescription":"","_EventCurrencySymbol":"","_EventCurrencyCode":"","_EventCurrencyPosition":"","_EventDateTimeSeparator":"","_EventTimeRangeSeparator":"","_EventOrganizerID":[],"_EventVenueID":[0],"_OrganizerEmail":"","_OrganizerPhone":"","_OrganizerWebsite":"","_VenueAddress":"","_VenueCity":"","_VenueCountry":"","_VenueProvince":"","_VenueState":"","_VenueZip":"","_VenuePhone":"","_VenueURL":"","_VenueStateProvince":"","_VenueLat":"","_VenueLng":"","_VenueShowMap":false,"_VenueShowMapLink":false,"footnotes":""},"class_list":["post-1627","page","type-page","status-publish","has-post-thumbnail","hentry"],"acf":[],"tpgb_featured_images":{"full":["https:\/\/paumefrance.com\/wp-content\/uploads\/2023\/07\/slider.jpg",1200,386,false],"tp-image-grid":["https:\/\/paumefrance.com\/wp-content\/uploads\/2023\/07\/slider-700x700.jpg",700,700,true],"thumbnail":["https:\/\/paumefrance.com\/wp-content\/uploads\/2023\/07\/slider-150x150.jpg",150,150,true],"medium":["https:\/\/paumefrance.com\/wp-content\/uploads\/2023\/07\/slider-300x97.jpg",300,97,true],"medium_large":["https:\/\/paumefrance.com\/wp-content\/uploads\/2023\/07\/slider-768x247.jpg",768,247,true],"large":["https:\/\/paumefrance.com\/wp-content\/uploads\/2023\/07\/slider-1024x329.jpg",1024,329,true],"default":"https:\/\/paumefrance.com\/wp-content\/plugins\/the-plus-addons-for-block-editor\/assets\/images\/tpgb-placeholder.jpg"},"tpgb_post_meta_info":{"get_date":"17 July 2023","author_name":"Alain LIM","author_url":"#","author_email":"tegomassria@gmail.com","author_website":"","author_description":"","author_facebook":"","author_twitter":"","author_instagram":"","author_role":["administrator"],"author_firstname":"Alain","author_lastname":"LIM","user_login":"tegomassria","author_avatar":"<img alt='' src='https:\/\/secure.gravatar.com\/avatar\/2e94265b538a7c35ccd0671e94a2164db734a13410595ffaf671c113d3ea4dfd?s=200&#038;d=mm&#038;r=g' srcset='https:\/\/secure.gravatar.com\/avatar\/2e94265b538a7c35ccd0671e94a2164db734a13410595ffaf671c113d3ea4dfd?s=400&#038;d=mm&#038;r=g 2x' class='avatar avatar-200 photo' height='200' width='200' decoding='async'\/>","author_avatar_url":"https:\/\/secure.gravatar.com\/avatar\/2e94265b538a7c35ccd0671e94a2164db734a13410595ffaf671c113d3ea4dfd?s=96&d=mm&r=g","comment_count":0,"post_likes":0,"post_views":0},"tpgb_post_category":[],"uagb_featured_image_src":{"full":["https:\/\/paumefrance.com\/wp-content\/uploads\/2023\/07\/slider.jpg",1200,386,false],"thumbnail":["https:\/\/paumefrance.com\/wp-content\/uploads\/2023\/07\/slider-150x150.jpg",150,150,true],"medium":["https:\/\/paumefrance.com\/wp-content\/uploads\/2023\/07\/slider-300x97.jpg",300,97,true],"medium_large":["https:\/\/paumefrance.com\/wp-content\/uploads\/2023\/07\/slider-768x247.jpg",768,247,true],"large":["https:\/\/paumefrance.com\/wp-content\/uploads\/2023\/07\/slider-1024x329.jpg",1024,329,true],"1536x1536":["https:\/\/paumefrance.com\/wp-content\/uploads\/2023\/07\/slider.jpg",1200,386,false],"2048x2048":["https:\/\/paumefrance.com\/wp-content\/uploads\/2023\/07\/slider.jpg",1200,386,false],"trp-custom-language-flag":["https:\/\/paumefrance.com\/wp-content\/uploads\/2023\/07\/slider.jpg",18,6,false],"tp-image-grid":["https:\/\/paumefrance.com\/wp-content\/uploads\/2023\/07\/slider-700x700.jpg",700,700,true]},"uagb_author_info":{"display_name":"Alain LIM","author_link":"#"},"uagb_comment_info":0,"uagb_excerpt":null,"_links":{"self":[{"href":"https:\/\/paumefrance.com\/en\/wp-json\/wp\/v2\/pages\/1627","targetHints":{"allow":["GET"]}}],"collection":[{"href":"https:\/\/paumefrance.com\/en\/wp-json\/wp\/v2\/pages"}],"about":[{"href":"https:\/\/paumefrance.com\/en\/wp-json\/wp\/v2\/types\/page"}],"author":[{"embeddable":true,"href":"https:\/\/paumefrance.com\/en\/wp-json\/wp\/v2\/users\/1"}],"replies":[{"embeddable":true,"href":"https:\/\/paumefrance.com\/en\/wp-json\/wp\/v2\/comments?post=1627"}],"version-history":[{"count":10,"href":"https:\/\/paumefrance.com\/en\/wp-json\/wp\/v2\/pages\/1627\/revisions"}],"predecessor-version":[{"id":2792,"href":"https:\/\/paumefrance.com\/en\/wp-json\/wp\/v2\/pages\/1627\/revisions\/2792"}],"wp:featuredmedia":[{"embeddable":true,"href":"https:\/\/paumefrance.com\/en\/wp-json\/wp\/v2\/media\/198"}],"wp:attachment":[{"href":"https:\/\/paumefrance.com\/en\/wp-json\/wp\/v2\/media?parent=1627"}],"curies":[{"name":"wp","href":"https:\/\/api.w.org\/{rel}","templated":true}]}}