{"id":39,"date":"2023-02-26T00:27:06","date_gmt":"2023-02-25T23:27:06","guid":{"rendered":"https:\/\/paumefrance.com\/?page_id=39"},"modified":"2025-10-28T21:23:12","modified_gmt":"2025-10-28T20:23:12","slug":"pau-navarre","status":"publish","type":"page","link":"https:\/\/paumefrance.com\/en\/les-clubs\/pau-navarre\/","title":{"rendered":"Pau Navarre"},"content":{"rendered":"<div  class=\"tpgb-container-row tpgb-block-f8cf1a_1203  tpgb-section-height-min-height tpgb-container-39    alignfull   tpgb-container-inline tpgb-container-full\" data-id=\"f8cf1a_1203\"  ><div class=\"tpgb-row-background  \"><div class=\"tpgb-top-layer\"><\/div><\/div>\n<div  class=\"tpgb-heading-title tpgb-relative-block heading_style tpgb-block-e87c74_1203  heading-style-1\"><div class=\"sub-style\"><div class=\"head-title \"><h1 class=\"heading-title\">Pau Navarre<\/h1><\/div><\/div><\/div>\n<\/div><style>.tpgb-block-f8cf1a_1203.tpgb-container-39{ background-image : url(https:\/\/paumefrance.com\/wp-content\/uploads\/2025\/10\/Pau-front-narrow.jpg) }<\/style>\n\n<div  class=\"tpgb-section tpgb-block-aafc52_39  tpgb-section-stretch-row alignfull    alignfull \" data-id=\"aafc52_39\"  ><div class=\"tpgb-section-wrap  tpgb-container\">\n<div class=\"tpgb-column tpgb-block-6f8a6d_39  tpgb-md-col-66 tpgb-sm-col-60 tpgb-xs-col-100\"  data-id=\"6f8a6d_39\" ><div class=\"tpgb-column-wrap\"><div class=\"tpgb-column-inner\">\n<div  class=\"tpgb-container-row tpgb-block-59d572_39     alignfull   tpgb-container-full\" data-id=\"59d572_39\"  >\n<div class=\"tpgb-container-col tpgb-block-685bc5_39 \" data-id=\"685bc5_39\"  >\n<div  class=\"tpgb-heading-title tpgb-relative-block heading_style tpgb-block-a2701f_39  heading-style-2\"><div class=\"sub-style\"><div class=\"head-title \"><h2 class=\"heading-title\">Introduction<\/h2><\/div><\/div><\/div>\n\n<div class=\"tpgb-pro-paragraph tpgb-block-3de81f_39 \"><div class=\"pro-paragraph-inner \"><p>Le jeu de paume du Parc Beaumont est construit en 1887 sur le mod\u00e8le du jeu de paume des\u00a0Tuileries \u00e0 Paris par le m\u00eame architecte, Melchior Viraut. Pr\u00e9alablement, un jeu de paume royal est attest\u00e9 dans les douves du chateau et a ete utilis\u00e9 par le futur roi Henri IV; ce carreau a disparu au cours du XVIIIe si\u00e8cle. <br>Tout d\u2019abord haut lieu du sport de courte paume \u00e0 Pau, l\u2019int\u00e9rieur de l\u2019\u00e9difice a ensuite \u00e9t\u00e9 adapt\u00e9 \u00e0 la pratique de la pelote basque de \u00a01952 \u00e0 2023. Aujourd\u2019hui, seule la courte paume y est pratiqu\u00e9e par les membres de\u00a0l\u2019association Jeu de Paume de Navarre. Le b\u00e2timent est situ\u00e9 dans une zone urbaine prot\u00e9g\u00e9e (ZPPAUP) et appartient \u00e0 la ville de Pau. Des travaux de mise \u00e0 un standard international sont programm\u00e9s au printemps 2026.<\/p><\/div><\/div>\n\n<div id=\"c723a5_39\" class=\"tpgb-creative-image tpgb-relative-block tpgb-block-c723a5_39 \"><div class=\"tpgb-anim-img-parallax tpgb-relative-block\"><div class=\"tpgb-animate-image c723a5_39 text-center  tpgb-fancy-add\"  data-fancy-option='{\"button\":[\"iterateZoom\",\"close\"]}' data-id=\"c723a5_39\"><figure class=\" \"><a class=\"tpgb-creative-img-wrap  \" href=\"https:\/\/paumefrance.com\/wp-content\/uploads\/2025\/10\/IMG_6969-rotated.jpg\" data-fancybox=\"fancyImg-c723a5_39\"><img decoding=\"async\" width=\"700\" height=\"700\" src=\"https:\/\/paumefrance.com\/wp-content\/uploads\/2025\/10\/IMG_6969-700x700.jpg\" class=\"hover__img info_img\" alt=\"IMG_6969\" srcset=\"https:\/\/paumefrance.com\/wp-content\/uploads\/2025\/10\/IMG_6969-700x700.jpg 700w, https:\/\/paumefrance.com\/wp-content\/uploads\/2025\/10\/IMG_6969-150x150.jpg 150w\" sizes=\"(max-width: 700px) 100vw, 700px\" \/><\/a><\/figure><\/div><\/div><\/div>\n<\/div>\n<\/div>\n\n<div  class=\"tpgb-container-row tpgb-block-435b64_39     alignfull   tpgb-container-full\" data-id=\"435b64_39\"  >\n<div class=\"tpgb-container-col tpgb-block-5dac82_39 \" data-id=\"5dac82_39\"  >\n<div  class=\"tpgb-heading-title tpgb-relative-block heading_style tpgb-block-d3c571_39  heading-style-2\"><div class=\"sub-style\"><div class=\"head-title \"><h2 class=\"heading-title\"><strong>Informations pratiques<\/strong><\/h2><\/div><\/div><\/div>\n\n<div class=\"tpgb-pro-paragraph tpgb-block-cab443_39 \"><div class=\"pro-paragraph-inner \"><p>Jeu de paume de Beaumont<br>Parc Beaumont, 64000 PAU<br><br>Adresse postale de l\u2019association :<br>Jeu de paume de Navarre<br>19, rue Bayard, 64000 PAU<br><a href=\"mailto:jpn.secretaire@gmail.com\" target=\"_blank\" rel=\"noreferrer noopener\">jpn.secretaire@gmail.com<\/a><br>Pr\u00e9sident : Stephane Hochart,\u00a0<a href=\"mailto:stephane.hochart@hotmail.fr\" target=\"_blank\" rel=\"noreferrer noopener\">stephane.hochart@hotmail.fr<\/a><br>T\u00e9l\u00e9phone reservation:\u00a0+33 (0)6 63 28 10 69\u00a0 (fran\u00e7ais) \/\u00a0+33 (0)6 23 88 57 43 (anglais)<br><br><a href=\"https:\/\/www.facebook.com\/profile.php?id=100057480197457\" target=\"_blank\" rel=\"noreferrer noopener\">https:\/\/www.facebook.com\/profile.php?id=100057480197457<\/a><br><br><a href=\"https:\/\/www.instagram.com\/jeu_de_paume_de_navarre\/\" target=\"_blank\" rel=\"noreferrer noopener\">https:\/\/www.instagram.com\/jeu_de_paume_de_navarre\/<\/a><br><br><a href=\"http:\/\/jeudepaumedenavarre.e-monsite.com\/\" target=\"_blank\" rel=\"noreferrer noopener\">http:\/\/jeudepaumedenavarre.e-monsite.com\/<\/a><br><br>Horaires : ouverture \u00e0 la demande<br><br>Montant des cotisations\u00a0<br><br>membres de droit (avec droit de vote \u00e0 l\u2019AG), 150 \u20ac comprend la licence FFT obligatoire.<br>Les jeunes : &#8211; 18 ans 60 \u20ac, de 18 \u00e0 25 ans 90 \u20ac.<br>Les cotisations hors licence :<br>Les membres \u00e9trangers, country members, 60 \u20ac.<br>La r\u00e9servation du court se fera au prix de 20\u20ac les 75 minutes.\u00a0<\/p><\/div><\/div>\n<\/div>\n<\/div>\n\n\n<figure class=\"wp-block-gallery has-nested-images columns-default is-cropped wp-block-gallery-1 is-layout-flex wp-block-gallery-is-layout-flex\">\n<figure class=\"wp-block-image size-large\"><img decoding=\"async\" width=\"640\" height=\"480\" data-id=\"7087\" src=\"https:\/\/paumefrance.com\/wp-content\/uploads\/2025\/10\/IMG_6972-1-1-rotated.jpg\" alt=\"\" class=\"wp-image-7087\" srcset=\"https:\/\/paumefrance.com\/wp-content\/uploads\/2025\/10\/IMG_6972-1-1-rotated.jpg 640w, https:\/\/paumefrance.com\/wp-content\/uploads\/2025\/10\/IMG_6972-1-1-300x225.jpg 300w, https:\/\/paumefrance.com\/wp-content\/uploads\/2025\/10\/IMG_6972-1-1-16x12.jpg 16w\" sizes=\"(max-width: 640px) 100vw, 640px\" \/><\/figure>\n\n\n\n<figure class=\"wp-block-image size-large\"><img decoding=\"async\" width=\"720\" height=\"521\" data-id=\"7089\" src=\"https:\/\/paumefrance.com\/wp-content\/uploads\/2025\/10\/pau-2nd-image-1.jpg\" alt=\"\" class=\"wp-image-7089\" srcset=\"https:\/\/paumefrance.com\/wp-content\/uploads\/2025\/10\/pau-2nd-image-1.jpg 720w, https:\/\/paumefrance.com\/wp-content\/uploads\/2025\/10\/pau-2nd-image-1-300x217.jpg 300w, https:\/\/paumefrance.com\/wp-content\/uploads\/2025\/10\/pau-2nd-image-1-18x12.jpg 18w\" sizes=\"(max-width: 720px) 100vw, 720px\" \/><\/figure>\n\n\n\n<figure class=\"wp-block-image size-large\"><img decoding=\"async\" width=\"1024\" height=\"536\" data-id=\"7088\" src=\"https:\/\/paumefrance.com\/wp-content\/uploads\/2025\/10\/pau-1-1024x536.jpg\" alt=\"\" class=\"wp-image-7088\" srcset=\"https:\/\/paumefrance.com\/wp-content\/uploads\/2025\/10\/pau-1-1024x536.jpg 1024w, https:\/\/paumefrance.com\/wp-content\/uploads\/2025\/10\/pau-1-300x157.jpg 300w, https:\/\/paumefrance.com\/wp-content\/uploads\/2025\/10\/pau-1-768x402.jpg 768w, https:\/\/paumefrance.com\/wp-content\/uploads\/2025\/10\/pau-1-1536x804.jpg 1536w, https:\/\/paumefrance.com\/wp-content\/uploads\/2025\/10\/pau-1-18x9.jpg 18w, https:\/\/paumefrance.com\/wp-content\/uploads\/2025\/10\/pau-1.jpg 2048w\" sizes=\"(max-width: 1024px) 100vw, 1024px\" \/><\/figure>\n<\/figure>\n\n<\/div><\/div><\/div>\n\n<div class=\"tpgb-column tpgb-block-f7aaa8_39  tpgb-md-col-33 tpgb-sm-col-40 tpgb-xs-col-100\"  data-id=\"f7aaa8_39\" ><div class=\"tpgb-column-wrap\"><div class=\"tpgb-column-inner\">\n<div class=\"tpgb-table-content tpgb-block-f4c2cc_613 table-style-3 \" data-settings=\"{&quot;tocSelector&quot;:&quot;.tpgb-toc&quot;,&quot;contentSelector&quot;:&quot;#content&quot;,&quot;headingSelector&quot;:&quot;h2,h3,h4,h5,h6&quot;,&quot;isCollapsedClass&quot;:&quot; is-collapsed&quot;,&quot;headingsOffset&quot;:100,&quot;scrollSmooth&quot;:true,&quot;scrollSmoothDuration&quot;:420,&quot;scrollSmoothOffset&quot;:0,&quot;orderedList&quot;:false,&quot;positionFixedSelector&quot;:&quot;.tpgb-table-content&quot;,&quot;fixedSidebarOffset&quot;:&quot;auto&quot;,&quot;hasInnerContainers&quot;:true}\"><div class=\"tpgb-toc-wrap  active\" ><div class=\"tpgb-toc-heading tpgb-trans-linear\"><span><span>Sommaire<\/span><\/span><\/div><div class=\"tpgb-toc toc\"><\/div><\/div><\/div>\n<\/div><\/div><\/div>\n<\/div><\/div>\n\n\n<p><\/p>\n","protected":false},"excerpt":{"rendered":"","protected":false},"author":1,"featured_media":7086,"parent":15,"menu_order":10,"comment_status":"closed","ping_status":"closed","template":"","meta":{"_acf_changed":false,"tpgb_global_settings":"","_uag_custom_page_level_css":"","site-sidebar-layout":"default","site-content-layout":"","ast-site-content-layout":"default","site-content-style":"default","site-sidebar-style":"default","ast-global-header-display":"","ast-banner-title-visibility":"","ast-main-header-display":"","ast-hfb-above-header-display":"","ast-hfb-below-header-display":"","ast-hfb-mobile-header-display":"","site-post-title":"disabled","ast-breadcrumbs-content":"","ast-featured-img":"disabled","footer-sml-layout":"","theme-transparent-header-meta":"","adv-header-id-meta":"","stick-header-meta":"","header-above-stick-meta":"","header-main-stick-meta":"","header-below-stick-meta":"","astra-migrate-meta-layouts":"set","ast-page-background-enabled":"default","ast-page-background-meta":{"desktop":{"background-color":"var(--ast-global-color-4)","background-image":"","background-repeat":"repeat","background-position":"center center","background-size":"auto","background-attachment":"scroll","background-type":"","background-media":"","overlay-type":"","overlay-color":"","overlay-gradient":""},"tablet":{"background-color":"","background-image":"","background-repeat":"repeat","background-position":"center center","background-size":"auto","background-attachment":"scroll","background-type":"","background-media":"","overlay-type":"","overlay-color":"","overlay-gradient":""},"mobile":{"background-color":"","background-image":"","background-repeat":"repeat","background-position":"center center","background-size":"auto","background-attachment":"scroll","background-type":"","background-media":"","overlay-type":"","overlay-color":"","overlay-gradient":""}},"ast-content-background-meta":{"desktop":{"background-color":"var(--ast-global-color-5)","background-image":"","background-repeat":"repeat","background-position":"center center","background-size":"auto","background-attachment":"scroll","background-type":"","background-media":"","overlay-type":"","overlay-color":"","overlay-gradient":""},"tablet":{"background-color":"var(--ast-global-color-5)","background-image":"","background-repeat":"repeat","background-position":"center center","background-size":"auto","background-attachment":"scroll","background-type":"","background-media":"","overlay-type":"","overlay-color":"","overlay-gradient":""},"mobile":{"background-color":"var(--ast-global-color-5)","background-image":"","background-repeat":"repeat","background-position":"center center","background-size":"auto","background-attachment":"scroll","background-type":"","background-media":"","overlay-type":"","overlay-color":"","overlay-gradient":""}},"_EventAllDay":false,"_EventTimezone":"","_EventStartDate":"","_EventEndDate":"","_EventStartDateUTC":"","_EventEndDateUTC":"","_EventShowMap":false,"_EventShowMapLink":false,"_EventURL":"","_EventCost":"","_EventCostDescription":"","_EventCurrencySymbol":"","_EventCurrencyCode":"","_EventCurrencyPosition":"","_EventDateTimeSeparator":"","_EventTimeRangeSeparator":"","_EventOrganizerID":[],"_EventVenueID":[0],"_OrganizerEmail":"","_OrganizerPhone":"","_OrganizerWebsite":"","_VenueAddress":"","_VenueCity":"","_VenueCountry":"","_VenueProvince":"","_VenueState":"","_VenueZip":"","_VenuePhone":"","_VenueURL":"","_VenueStateProvince":"","_VenueLat":"","_VenueLng":"","_VenueShowMap":false,"_VenueShowMapLink":false,"footnotes":""},"class_list":["post-39","page","type-page","status-publish","has-post-thumbnail","hentry"],"acf":[],"tpgb_featured_images":{"full":["https:\/\/paumefrance.com\/wp-content\/uploads\/2025\/10\/Pau-front-narrow.jpg",1456,643,false],"tp-image-grid":["https:\/\/paumefrance.com\/wp-content\/uploads\/2025\/10\/Pau-front-narrow-700x700.jpg",700,700,true],"thumbnail":["https:\/\/paumefrance.com\/wp-content\/uploads\/2025\/10\/Pau-front-narrow-150x150.jpg",150,150,true],"medium":["https:\/\/paumefrance.com\/wp-content\/uploads\/2025\/10\/Pau-front-narrow-300x132.jpg",300,132,true],"medium_large":["https:\/\/paumefrance.com\/wp-content\/uploads\/2025\/10\/Pau-front-narrow-768x339.jpg",768,339,true],"large":["https:\/\/paumefrance.com\/wp-content\/uploads\/2025\/10\/Pau-front-narrow-1024x452.jpg",1024,452,true],"default":"https:\/\/paumefrance.com\/wp-content\/plugins\/the-plus-addons-for-block-editor\/assets\/images\/tpgb-placeholder.jpg"},"tpgb_post_meta_info":{"get_date":"26 February 2023","author_name":"Alain LIM","author_url":"#","author_email":"tegomassria@gmail.com","author_website":"","author_description":"","author_facebook":"","author_twitter":"","author_instagram":"","author_role":["administrator"],"author_firstname":"Alain","author_lastname":"LIM","user_login":"tegomassria","author_avatar":"<img alt='' src='https:\/\/secure.gravatar.com\/avatar\/2e94265b538a7c35ccd0671e94a2164db734a13410595ffaf671c113d3ea4dfd?s=200&#038;d=mm&#038;r=g' srcset='https:\/\/secure.gravatar.com\/avatar\/2e94265b538a7c35ccd0671e94a2164db734a13410595ffaf671c113d3ea4dfd?s=400&#038;d=mm&#038;r=g 2x' class='avatar avatar-200 photo' height='200' width='200' decoding='async'\/>","author_avatar_url":"https:\/\/secure.gravatar.com\/avatar\/2e94265b538a7c35ccd0671e94a2164db734a13410595ffaf671c113d3ea4dfd?s=96&d=mm&r=g","comment_count":0,"post_likes":0,"post_views":0},"tpgb_post_category":[],"uagb_featured_image_src":{"full":["https:\/\/paumefrance.com\/wp-content\/uploads\/2025\/10\/Pau-front-narrow.jpg",1456,643,false],"thumbnail":["https:\/\/paumefrance.com\/wp-content\/uploads\/2025\/10\/Pau-front-narrow-150x150.jpg",150,150,true],"medium":["https:\/\/paumefrance.com\/wp-content\/uploads\/2025\/10\/Pau-front-narrow-300x132.jpg",300,132,true],"medium_large":["https:\/\/paumefrance.com\/wp-content\/uploads\/2025\/10\/Pau-front-narrow-768x339.jpg",768,339,true],"large":["https:\/\/paumefrance.com\/wp-content\/uploads\/2025\/10\/Pau-front-narrow-1024x452.jpg",1024,452,true],"1536x1536":["https:\/\/paumefrance.com\/wp-content\/uploads\/2025\/10\/Pau-front-narrow.jpg",1456,643,false],"2048x2048":["https:\/\/paumefrance.com\/wp-content\/uploads\/2025\/10\/Pau-front-narrow.jpg",1456,643,false],"trp-custom-language-flag":["https:\/\/paumefrance.com\/wp-content\/uploads\/2025\/10\/Pau-front-narrow-18x8.jpg",18,8,true],"tp-image-grid":["https:\/\/paumefrance.com\/wp-content\/uploads\/2025\/10\/Pau-front-narrow-700x700.jpg",700,700,true]},"uagb_author_info":{"display_name":"Alain LIM","author_link":"#"},"uagb_comment_info":0,"uagb_excerpt":null,"_links":{"self":[{"href":"https:\/\/paumefrance.com\/en\/wp-json\/wp\/v2\/pages\/39","targetHints":{"allow":["GET"]}}],"collection":[{"href":"https:\/\/paumefrance.com\/en\/wp-json\/wp\/v2\/pages"}],"about":[{"href":"https:\/\/paumefrance.com\/en\/wp-json\/wp\/v2\/types\/page"}],"author":[{"embeddable":true,"href":"https:\/\/paumefrance.com\/en\/wp-json\/wp\/v2\/users\/1"}],"replies":[{"embeddable":true,"href":"https:\/\/paumefrance.com\/en\/wp-json\/wp\/v2\/comments?post=39"}],"version-history":[{"count":3,"href":"https:\/\/paumefrance.com\/en\/wp-json\/wp\/v2\/pages\/39\/revisions"}],"predecessor-version":[{"id":7093,"href":"https:\/\/paumefrance.com\/en\/wp-json\/wp\/v2\/pages\/39\/revisions\/7093"}],"up":[{"embeddable":true,"href":"https:\/\/paumefrance.com\/en\/wp-json\/wp\/v2\/pages\/15"}],"wp:featuredmedia":[{"embeddable":true,"href":"https:\/\/paumefrance.com\/en\/wp-json\/wp\/v2\/media\/7086"}],"wp:attachment":[{"href":"https:\/\/paumefrance.com\/en\/wp-json\/wp\/v2\/media?parent=39"}],"curies":[{"name":"wp","href":"https:\/\/api.w.org\/{rel}","templated":true}]}}