{"id":43,"date":"2023-02-26T00:28:30","date_gmt":"2023-02-25T23:28:30","guid":{"rendered":"https:\/\/paumefrance.com\/?page_id=43"},"modified":"2023-10-09T21:53:25","modified_gmt":"2023-10-09T19:53:25","slug":"bordeaux-merignac","status":"publish","type":"page","link":"https:\/\/paumefrance.com\/en\/les-clubs\/bordeaux-merignac\/","title":{"rendered":"Bordeaux-M\u00e9rignac"},"content":{"rendered":"<div  class=\"tpgb-container-row tpgb-block-f8cf1a_1203  tpgb-section-height-min-height tpgb-container-43    alignfull   tpgb-container-inline tpgb-container-full\" data-id=\"f8cf1a_1203\"  ><div class=\"tpgb-row-background  \"><div class=\"tpgb-top-layer\"><\/div><\/div>\n<div  class=\"tpgb-heading-title tpgb-relative-block heading_style tpgb-block-e87c74_1203  heading-style-1\"><div class=\"sub-style\"><div class=\"head-title \"><h1 class=\"heading-title\">Bordeaux-M\u00e9rignac<\/h1><\/div><\/div><\/div>\n<\/div><style>.tpgb-block-f8cf1a_1203.tpgb-container-43{ background-image : url(https:\/\/paumefrance.com\/wp-content\/uploads\/2023\/02\/Bordeaux_Copie2.jpg) }<\/style>\n\n<div  class=\"tpgb-section tpgb-block-67fedd  tpgb-section-stretch-row alignfull    alignfull \" data-id=\"67fedd\"  ><div class=\"tpgb-section-wrap  tpgb-container\">\n<div class=\"tpgb-column tpgb-block-1e4a48  tpgb-md-col-66 tpgb-sm-col-60 tpgb-xs-col-100\"  data-id=\"1e4a48\" ><div class=\"tpgb-column-wrap\"><div class=\"tpgb-column-inner\">\n<div  class=\"tpgb-container-row tpgb-block-4dbc0d     alignfull   tpgb-container-full\" data-id=\"4dbc0d\"  >\n<div class=\"tpgb-container-col tpgb-block-256652 \" data-id=\"256652\"  >\n<div  class=\"tpgb-heading-title tpgb-relative-block heading_style tpgb-block-610413  heading-style-2\"><div class=\"sub-style\"><div class=\"head-title \"><h2 class=\"heading-title\">Introduction<\/h2><\/div><\/div><\/div>\n\n<div class=\"tpgb-pro-paragraph tpgb-block-519f11 \"><div class=\"pro-paragraph-inner \"><p>Le club de Bordeaux est un haut lieu du Jeu de paume fran\u00e7ais et a accueilli bon nombre des plus grandes comp\u00e9titions internationales. Les plus grands joueurs s\u2019y sont affront\u00e9s. Apr\u00e8s la vente de l\u2019ancienne salle, une nouvelle salle a \u00e9t\u00e9 construite en 2020 dans le complexe omnisport des Girondins \u00e0 M\u00e9rignac.\u00a0\u00a0<br><br>Baudouin Huyn-Lenhardt, vainqueur de la raquette d&rsquo;argent 2022, est le responsable du club par interim, qui compte aussi parmi ses membres Lea Van Der Zwalmen, n\u00b01\u00a0 fran\u00e7aise et n\u00b02 mondiale.<br><br>Lea Van Der Zwalmen et Paul Van Der Linden sont les pr\u00e9sident et vice-pr\u00e9sident du club.<br><br>Apr\u00e8s plusieurs ann\u00e9es sans activit\u00e9 et avec activit\u00e9 r\u00e9duite cause COVID, le club a pour objectif de recruter de nouveaux membres et de re dynamiser la vie de club par l&rsquo;organisation de manifestations et d&rsquo;\u00e9v\u00e9nements divers.<br><br>L\u2019Association Sportive du Jeu de Paume de Bordeaux est une association loi 1901 qui peut recevoir des dons de m\u00e9c\u00e9nat d\u2019entreprises ou de personnes ouvrant droit \u00e0 des r\u00e9ductions d\u2019imp\u00f4ts.<\/p><\/div><\/div>\n\n<div id=\"17ffb3\" class=\"tpgb-creative-image tpgb-relative-block tpgb-block-17ffb3 \"><div class=\"tpgb-anim-img-parallax tpgb-relative-block\"><div class=\"tpgb-animate-image 17ffb3 text-center  tpgb-fancy-add\"  data-fancy-option='{\"button\":[\"iterateZoom\",\"close\"]}' data-id=\"17ffb3\"><figure class=\" \"><a class=\"tpgb-creative-img-wrap  \" href=\"https:\/\/paumefrance.com\/wp-content\/uploads\/2023\/02\/Bordeaux_Copie2.jpg\" data-fancybox=\"fancyImg-17ffb3\"><img decoding=\"async\" width=\"700\" height=\"574\" src=\"https:\/\/paumefrance.com\/wp-content\/uploads\/2023\/02\/Bordeaux_Copie2.jpg\" class=\"hover__img info_img\" alt=\"Bordeaux_Copie2\" srcset=\"https:\/\/paumefrance.com\/wp-content\/uploads\/2023\/02\/Bordeaux_Copie2.jpg 1000w, https:\/\/paumefrance.com\/wp-content\/uploads\/2023\/02\/Bordeaux_Copie2-600x492.jpg 600w, https:\/\/paumefrance.com\/wp-content\/uploads\/2023\/02\/Bordeaux_Copie2-300x246.jpg 300w, https:\/\/paumefrance.com\/wp-content\/uploads\/2023\/02\/Bordeaux_Copie2-768x630.jpg 768w\" sizes=\"(max-width: 700px) 100vw, 700px\" \/><\/a><\/figure><\/div><\/div><\/div>\n<\/div>\n<\/div>\n\n<div  class=\"tpgb-container-row tpgb-block-d12157     alignfull   tpgb-container-full\" data-id=\"d12157\"  >\n<div class=\"tpgb-container-col tpgb-block-3cdc19 \" data-id=\"3cdc19\"  >\n<div  class=\"tpgb-heading-title tpgb-relative-block heading_style tpgb-block-8aa1b6  heading-style-2\"><div class=\"sub-style\"><div class=\"head-title \"><h2 class=\"heading-title\"><strong>Informations pratiques<\/strong><\/h2><\/div><\/div><\/div>\n\n<div class=\"tpgb-pro-paragraph tpgb-block-04aed3 \"><div class=\"pro-paragraph-inner \"><p>Jeu de Paume de Bordeaux<br>Domaine de Rocquevielle<br>107, avenue Marcel-Dassault &#8211; 33700 M\u00e9rignac<br><br>Point de contact : Baudouin Huynh-Lenhardt<br>07 49 37 90 71\u00a0<br><a rel=\"noreferrer noopener\" href=\"mailto:pro@paumebdx.fr\" target=\"_blank\">pro@<\/a><a rel=\"noreferrer noopener\" href=\"mailto:pro@jeudepaumebordeaux.fr\" target=\"_blank\">jeudepaumebordeaux<\/a><a rel=\"noreferrer noopener\" href=\"mailto:pro@paumebdx.fr\" target=\"_blank\">.fr<\/a><br><a rel=\"noreferrer noopener\" href=\"http:\/\/www.jeudepaumebordeaux.fr\/\" target=\"_blank\">www.jeudepaumebordeaux.fr<\/a><\/p><\/div><\/div>\n<\/div>\n<\/div>\n<\/div><\/div><\/div>\n\n<div class=\"tpgb-column tpgb-block-ae5278  tpgb-md-col-33 tpgb-sm-col-40 tpgb-xs-col-100\"  data-id=\"ae5278\" ><div class=\"tpgb-column-wrap\"><div class=\"tpgb-column-inner\">\n<div class=\"tpgb-table-content tpgb-block-f4c2cc_613 table-style-3 \" data-settings=\"{&quot;tocSelector&quot;:&quot;.tpgb-toc&quot;,&quot;contentSelector&quot;:&quot;#content&quot;,&quot;headingSelector&quot;:&quot;h2,h3,h4,h5,h6&quot;,&quot;isCollapsedClass&quot;:&quot; is-collapsed&quot;,&quot;headingsOffset&quot;:100,&quot;scrollSmooth&quot;:true,&quot;scrollSmoothDuration&quot;:420,&quot;scrollSmoothOffset&quot;:0,&quot;orderedList&quot;:false,&quot;positionFixedSelector&quot;:&quot;.tpgb-table-content&quot;,&quot;fixedSidebarOffset&quot;:&quot;auto&quot;,&quot;hasInnerContainers&quot;:true}\"><div class=\"tpgb-toc-wrap  active\" ><div class=\"tpgb-toc-heading tpgb-trans-linear\"><span><span>Sommaire<\/span><\/span><\/div><div class=\"tpgb-toc toc\"><\/div><\/div><\/div>\n<\/div><\/div><\/div>\n<\/div><\/div>","protected":false},"excerpt":{"rendered":"","protected":false},"author":1,"featured_media":60,"parent":15,"menu_order":30,"comment_status":"closed","ping_status":"closed","template":"","meta":{"_acf_changed":false,"tpgb_global_settings":"","_uag_custom_page_level_css":"","site-sidebar-layout":"default","site-content-layout":"","ast-site-content-layout":"default","site-content-style":"default","site-sidebar-style":"default","ast-global-header-display":"","ast-banner-title-visibility":"","ast-main-header-display":"","ast-hfb-above-header-display":"","ast-hfb-below-header-display":"","ast-hfb-mobile-header-display":"","site-post-title":"disabled","ast-breadcrumbs-content":"","ast-featured-img":"disabled","footer-sml-layout":"","theme-transparent-header-meta":"","adv-header-id-meta":"","stick-header-meta":"","header-above-stick-meta":"","header-main-stick-meta":"","header-below-stick-meta":"","astra-migrate-meta-layouts":"set","ast-page-background-enabled":"default","ast-page-background-meta":{"desktop":{"background-color":"var(--ast-global-color-4)","background-image":"","background-repeat":"repeat","background-position":"center center","background-size":"auto","background-attachment":"scroll","background-type":"","background-media":"","overlay-type":"","overlay-color":"","overlay-gradient":""},"tablet":{"background-color":"","background-image":"","background-repeat":"repeat","background-position":"center center","background-size":"auto","background-attachment":"scroll","background-type":"","background-media":"","overlay-type":"","overlay-color":"","overlay-gradient":""},"mobile":{"background-color":"","background-image":"","background-repeat":"repeat","background-position":"center center","background-size":"auto","background-attachment":"scroll","background-type":"","background-media":"","overlay-type":"","overlay-color":"","overlay-gradient":""}},"ast-content-background-meta":{"desktop":{"background-color":"var(--ast-global-color-5)","background-image":"","background-repeat":"repeat","background-position":"center center","background-size":"auto","background-attachment":"scroll","background-type":"","background-media":"","overlay-type":"","overlay-color":"","overlay-gradient":""},"tablet":{"background-color":"var(--ast-global-color-5)","background-image":"","background-repeat":"repeat","background-position":"center center","background-size":"auto","background-attachment":"scroll","background-type":"","background-media":"","overlay-type":"","overlay-color":"","overlay-gradient":""},"mobile":{"background-color":"var(--ast-global-color-5)","background-image":"","background-repeat":"repeat","background-position":"center center","background-size":"auto","background-attachment":"scroll","background-type":"","background-media":"","overlay-type":"","overlay-color":"","overlay-gradient":""}},"_EventAllDay":false,"_EventTimezone":"","_EventStartDate":"","_EventEndDate":"","_EventStartDateUTC":"","_EventEndDateUTC":"","_EventShowMap":false,"_EventShowMapLink":false,"_EventURL":"","_EventCost":"","_EventCostDescription":"","_EventCurrencySymbol":"","_EventCurrencyCode":"","_EventCurrencyPosition":"","_EventDateTimeSeparator":"","_EventTimeRangeSeparator":"","_EventOrganizerID":[],"_EventVenueID":[0],"_OrganizerEmail":"","_OrganizerPhone":"","_OrganizerWebsite":"","_VenueAddress":"","_VenueCity":"","_VenueCountry":"","_VenueProvince":"","_VenueState":"","_VenueZip":"","_VenuePhone":"","_VenueURL":"","_VenueStateProvince":"","_VenueLat":"","_VenueLng":"","_VenueShowMap":false,"_VenueShowMapLink":false,"footnotes":""},"class_list":["post-43","page","type-page","status-publish","has-post-thumbnail","hentry"],"acf":[],"tpgb_featured_images":{"full":["https:\/\/paumefrance.com\/wp-content\/uploads\/2023\/02\/Bordeaux_Copie2.jpg",1000,820,false],"tp-image-grid":["https:\/\/paumefrance.com\/wp-content\/uploads\/2023\/02\/Bordeaux_Copie2.jpg",700,574,false],"thumbnail":["https:\/\/paumefrance.com\/wp-content\/uploads\/2023\/02\/Bordeaux_Copie2-150x150.jpg",150,150,true],"medium":["https:\/\/paumefrance.com\/wp-content\/uploads\/2023\/02\/Bordeaux_Copie2-300x246.jpg",300,246,true],"medium_large":["https:\/\/paumefrance.com\/wp-content\/uploads\/2023\/02\/Bordeaux_Copie2-768x630.jpg",768,630,true],"large":["https:\/\/paumefrance.com\/wp-content\/uploads\/2023\/02\/Bordeaux_Copie2.jpg",1000,820,false],"default":"https:\/\/paumefrance.com\/wp-content\/plugins\/the-plus-addons-for-block-editor\/assets\/images\/tpgb-placeholder.jpg"},"tpgb_post_meta_info":{"get_date":"26 February 2023","author_name":"Alain LIM","author_url":"#","author_email":"tegomassria@gmail.com","author_website":"","author_description":"","author_facebook":"","author_twitter":"","author_instagram":"","author_role":["administrator"],"author_firstname":"Alain","author_lastname":"LIM","user_login":"tegomassria","author_avatar":"<img alt='' src='https:\/\/secure.gravatar.com\/avatar\/2e94265b538a7c35ccd0671e94a2164db734a13410595ffaf671c113d3ea4dfd?s=200&#038;d=mm&#038;r=g' srcset='https:\/\/secure.gravatar.com\/avatar\/2e94265b538a7c35ccd0671e94a2164db734a13410595ffaf671c113d3ea4dfd?s=400&#038;d=mm&#038;r=g 2x' class='avatar avatar-200 photo' height='200' width='200' decoding='async'\/>","author_avatar_url":"https:\/\/secure.gravatar.com\/avatar\/2e94265b538a7c35ccd0671e94a2164db734a13410595ffaf671c113d3ea4dfd?s=96&d=mm&r=g","comment_count":0,"post_likes":0,"post_views":0},"tpgb_post_category":[],"uagb_featured_image_src":{"full":["https:\/\/paumefrance.com\/wp-content\/uploads\/2023\/02\/Bordeaux_Copie2.jpg",1000,820,false],"thumbnail":["https:\/\/paumefrance.com\/wp-content\/uploads\/2023\/02\/Bordeaux_Copie2-150x150.jpg",150,150,true],"medium":["https:\/\/paumefrance.com\/wp-content\/uploads\/2023\/02\/Bordeaux_Copie2-300x246.jpg",300,246,true],"medium_large":["https:\/\/paumefrance.com\/wp-content\/uploads\/2023\/02\/Bordeaux_Copie2-768x630.jpg",768,630,true],"large":["https:\/\/paumefrance.com\/wp-content\/uploads\/2023\/02\/Bordeaux_Copie2.jpg",1000,820,false],"1536x1536":["https:\/\/paumefrance.com\/wp-content\/uploads\/2023\/02\/Bordeaux_Copie2.jpg",1000,820,false],"2048x2048":["https:\/\/paumefrance.com\/wp-content\/uploads\/2023\/02\/Bordeaux_Copie2.jpg",1000,820,false],"trp-custom-language-flag":["https:\/\/paumefrance.com\/wp-content\/uploads\/2023\/02\/Bordeaux_Copie2.jpg",15,12,false],"tp-image-grid":["https:\/\/paumefrance.com\/wp-content\/uploads\/2023\/02\/Bordeaux_Copie2.jpg",700,574,false]},"uagb_author_info":{"display_name":"Alain LIM","author_link":"#"},"uagb_comment_info":0,"uagb_excerpt":null,"_links":{"self":[{"href":"https:\/\/paumefrance.com\/en\/wp-json\/wp\/v2\/pages\/43","targetHints":{"allow":["GET"]}}],"collection":[{"href":"https:\/\/paumefrance.com\/en\/wp-json\/wp\/v2\/pages"}],"about":[{"href":"https:\/\/paumefrance.com\/en\/wp-json\/wp\/v2\/types\/page"}],"author":[{"embeddable":true,"href":"https:\/\/paumefrance.com\/en\/wp-json\/wp\/v2\/users\/1"}],"replies":[{"embeddable":true,"href":"https:\/\/paumefrance.com\/en\/wp-json\/wp\/v2\/comments?post=43"}],"version-history":[{"count":4,"href":"https:\/\/paumefrance.com\/en\/wp-json\/wp\/v2\/pages\/43\/revisions"}],"predecessor-version":[{"id":4121,"href":"https:\/\/paumefrance.com\/en\/wp-json\/wp\/v2\/pages\/43\/revisions\/4121"}],"up":[{"embeddable":true,"href":"https:\/\/paumefrance.com\/en\/wp-json\/wp\/v2\/pages\/15"}],"wp:featuredmedia":[{"embeddable":true,"href":"https:\/\/paumefrance.com\/en\/wp-json\/wp\/v2\/media\/60"}],"wp:attachment":[{"href":"https:\/\/paumefrance.com\/en\/wp-json\/wp\/v2\/media?parent=43"}],"curies":[{"name":"wp","href":"https:\/\/api.w.org\/{rel}","templated":true}]}}