{"id":47,"date":"2023-02-26T00:31:57","date_gmt":"2023-02-25T23:31:57","guid":{"rendered":"https:\/\/paumefrance.com\/?page_id=47"},"modified":"2025-12-01T16:12:12","modified_gmt":"2025-12-01T15:12:12","slug":"paris","status":"publish","type":"page","link":"https:\/\/paumefrance.com\/en\/les-clubs\/paris\/","title":{"rendered":"Paris"},"content":{"rendered":"<div  class=\"tpgb-container-row tpgb-block-f8cf1a_1203  tpgb-section-height-min-height tpgb-container-47    alignfull   tpgb-container-inline tpgb-container-full\" data-id=\"f8cf1a_1203\"  ><div class=\"tpgb-row-background  \"><div class=\"tpgb-top-layer\"><\/div><\/div>\n<div  class=\"tpgb-heading-title tpgb-relative-block heading_style tpgb-block-e87c74_1203  heading-style-1\"><div class=\"sub-style\"><div class=\"head-title \"><h1 class=\"heading-title\">Paris<\/h1><\/div><\/div><\/div>\n<\/div><style>.tpgb-block-f8cf1a_1203.tpgb-container-47{ background-image : url(https:\/\/paumefrance.com\/wp-content\/uploads\/2025\/12\/paris-with-net-2025-rotated.jpg) }<\/style>\n\n<div  class=\"tpgb-section tpgb-block-41fced_47  tpgb-section-stretch-row alignfull    alignfull \" data-id=\"41fced_47\"  ><div class=\"tpgb-section-wrap  tpgb-container\">\n<div class=\"tpgb-column tpgb-block-8aa2a3_47  tpgb-md-col-66 tpgb-sm-col-60 tpgb-xs-col-100\"  data-id=\"8aa2a3_47\" ><div class=\"tpgb-column-wrap\"><div class=\"tpgb-column-inner\">\n<div  class=\"tpgb-container-row tpgb-block-7bcc86_47     alignfull   tpgb-container-full\" data-id=\"7bcc86_47\"  >\n<div class=\"tpgb-container-col tpgb-block-104d5d_47 \" data-id=\"104d5d_47\"  >\n<div  class=\"tpgb-heading-title tpgb-relative-block heading_style tpgb-block-498fc9_47  heading-style-2\"><div class=\"sub-style\"><div class=\"head-title \"><h2 class=\"heading-title\">Introduction<\/h2><\/div><\/div><\/div>\n\n<div class=\"tpgb-pro-paragraph tpgb-block-d7fead_47 \"><div class=\"pro-paragraph-inner \"><p>Le Club du Jeu de Paume de Paris est un lieu remarquable. Perch\u00e9s au dernier \u00e9tage d\u2019un immeuble de la rue Lauriston, entre l\u2019Arc de Triomphe et le Trocad\u00e9ro, sous une double verri\u00e8re de trente m\u00e8tres de haut, se trouvent quatre courts de squash, un court de jeu de paume, une salle de fitness et un bar\/restaurant.<br><br>Cr\u00e9\u00e9 en 1908, le Club du Jeu de Paume de Paris abrite l\u2019un des deux derniers courts de paume en r\u00e9gion parisienne, avec celui du Ch\u00e2teau de Fontainebleau. Au moment de sa cr\u00e9ation, le club abritait deux courts de paume plac\u00e9s l\u2019un \u00e0 c\u00f4t\u00e9 de l\u2019autre. Mais en 1927, les fondateurs d\u00e9cident de transformer l\u2019un des deux courts en quatre courts de squash, les premiers \u00e0 \u00eatre cr\u00e9\u00e9s en France.<br><br>Depuis, le club a conjointement d\u00e9velopp\u00e9 le squash et la paume et a permis \u00e0 ces deux sports d\u2019\u00eatre pratiqu\u00e9s \u00e0 haut niveau par des joueurs et joueuses de tous les \u00e2ges. Aujourd\u2019hui, le club compte plus de 300 membres qui viennent s\u2019y entrainer r\u00e9guli\u00e8rement.<br><br>La particularit\u00e9 du Club du Jeu de Paume est que celui-ci reste aujourd&rsquo;hui une Association loi 1901 sans but lucratif. Cela veut dire concr\u00e8tement que l&rsquo;association ne cherche pas \u00e0 r\u00e9aliser des profits, mais \u00e0 g\u00e9rer le club au mieux dans l&rsquo;int\u00e9r\u00eat de ses membres. Ainsi, l&rsquo;Association organise des comp\u00e9titions et manifestations de prestige pour le plus grand plaisir des membres bien que celles-ci ne sont pas n\u00e9cessairement \u00ab\u00a0rentables\u00a0\u00bb ou source de profit pour le club, la r\u00e8gle \u00e9tant cependant qu&rsquo;elles ne doivent pas g\u00e9n\u00e9rer de d\u00e9ficit. De m\u00eame, l&rsquo;Association vise avant tout \u00e0 am\u00e9liorer le confort des membres en r\u00e9novant ou en am\u00e9liorant les installations du club quand cela devient n\u00e9cessaire.<br><br>L&rsquo;Association est g\u00e9r\u00e9e au quotidien par un bureau de membres b\u00e9n\u00e9voles, qui s&rsquo;appuie sur les salari\u00e9s du club pour mettre en oeuvre les d\u00e9cisions prises par le comit\u00e9 et par les membres du Bureau. Les membres du bureau sont \u00e9lus chaque ann\u00e9e par un comit\u00e9 de 12 membres en principe, eux-m\u00eame \u00e9lus chaque ann\u00e9e par une assembl\u00e9e g\u00e9n\u00e9rale des membres.<\/p><\/div><\/div>\n\n<div id=\"09f51f_47\" class=\"tpgb-creative-image tpgb-relative-block tpgb-block-09f51f_47 \"><div class=\"tpgb-anim-img-parallax tpgb-relative-block\"><div class=\"tpgb-animate-image 09f51f_47 text-center  tpgb-fancy-add\"  data-fancy-option='{\"button\":[\"iterateZoom\",\"close\"]}' data-id=\"09f51f_47\"><figure class=\" \"><a class=\"tpgb-creative-img-wrap  \" href=\"https:\/\/paumefrance.com\/wp-content\/uploads\/2023\/02\/Paris2.jpg\" data-fancybox=\"fancyImg-09f51f_47\"><img decoding=\"async\" width=\"700\" height=\"393\" src=\"https:\/\/paumefrance.com\/wp-content\/uploads\/2023\/02\/Paris2.jpg\" class=\"hover__img info_img\" alt=\"Paris2\" srcset=\"https:\/\/paumefrance.com\/wp-content\/uploads\/2023\/02\/Paris2.jpg 1000w, https:\/\/paumefrance.com\/wp-content\/uploads\/2023\/02\/Paris2-600x337.jpg 600w, https:\/\/paumefrance.com\/wp-content\/uploads\/2023\/02\/Paris2-300x169.jpg 300w, https:\/\/paumefrance.com\/wp-content\/uploads\/2023\/02\/Paris2-768x432.jpg 768w\" sizes=\"(max-width: 700px) 100vw, 700px\" \/><\/a><\/figure><\/div><\/div><\/div>\n<\/div>\n<\/div>\n\n<div  class=\"tpgb-container-row tpgb-block-dd2212_47     alignfull   tpgb-container-full\" data-id=\"dd2212_47\"  >\n<div class=\"tpgb-container-col tpgb-block-e5f684_47 \" data-id=\"e5f684_47\"  >\n<div  class=\"tpgb-heading-title tpgb-relative-block heading_style tpgb-block-821233_47  heading-style-2\"><div class=\"sub-style\"><div class=\"head-title \"><h2 class=\"heading-title\"><strong>Informations pratiques<\/strong><\/h2><\/div><\/div><\/div>\n\n<div class=\"tpgb-pro-paragraph tpgb-block-6859d0_47 \"><div class=\"pro-paragraph-inner \"><p>Soci\u00e9t\u00e9\u0301 sportive du jeu de paume et de racquets<br>74ter, rue Lauriston &#8211; 75116 Paris<br>Tel. +33 (0)1 47 27 46 86<br><br>Mail : manager@squashjeudepaume.com<br>Site internet : <a href=\"http:\/\/www.squashjeudepaume.com\/\">www.squashjeudepaume.com<\/a><br>______________________<br><br>Contact : Lilian Vimal de Murs <br>Tarifs : <a href=\"http:\/\/www.squashjeudepaume.com\/\">voir le site internet<\/a><br>Horaires :<br>Lundi au Vendredi 8h00 \u2013 22h30<br>Week-end &amp; Jours f\u00e9ri\u00e9s 9h00 \u2013 20h00<br>Pro paume : Rod McNaughtan<br><br><br><strong>Contact :<\/strong><br>propaume@squashjeudepaume.com<br>06 95 31 11 93<\/p><\/div><\/div>\n<\/div>\n<\/div>\n\n<div  class=\"tpgb-container-row tpgb-block-9faf9e_47     alignfull   tpgb-container-full\" data-id=\"9faf9e_47\"  >\n<div class=\"tpgb-container-col tpgb-block-9e62a1_47 \" data-id=\"9e62a1_47\"  >\n<div  class=\"tpgb-heading-title tpgb-relative-block heading_style tpgb-block-ed85ff_47  heading-style-2\"><div class=\"sub-style\"><div class=\"head-title \"><h2 class=\"heading-title\"><strong><strong>L<\/strong><\/strong>ivre du Club<\/h2><\/div><\/div><\/div>\n\n<div class=\"tpgb-pro-paragraph tpgb-block-00c74c_47 \"><div class=\"pro-paragraph-inner \"><p><strong>HISTOIRE DU CLUB DU JEU DE PAUME<\/strong> <strong>DE PARIS<\/strong>: <strong><em>HIER &amp; AUJOURD&rsquo;HUI<\/em><\/strong>&#8211; <strong><em>1840 &#8211; 2020<\/em><\/strong><br><br><strong>par<\/strong> <strong>Hubert DEMORY<\/strong>, <strong>Gil KRESSMANN<\/strong>, <strong>WILLIAM HOLMBERG<\/strong> <strong>&amp;<\/strong> <strong>PATRICIA GALAGHER<\/strong><br><br>N\u00e9 au XIII<sup>e<\/sup> si\u00e8cle, le jeu de paume, anc\u00eatre du tennis, du squash et de tous les sports de balle avec raquette, est l\u2019une des plus anciennes activit\u00e9s sportives. Il est pratiqu\u00e9 encore aujourd\u2019hui en Angleterre, en Australie, aux \u00c9tats-Unis et en France par 10 000 joueurs. La France ne poss\u00e8de plus que 3 salles de courte paume, \u00e0 Bordeaux, Fontainebleau et Paris (il faudrait rajouter le court de paume de Pau en r\u00e9ouverture partielle depuis 2007).<br><br>Le Jeu de Paume de Paris a \u00e9t\u00e9 construit en 1908 rue Lauriston, dans le 16<sup>e<\/sup> arrondissement, suite \u00e0 l\u2019expulsion des joueurs de la salle de paume des Tuileries. Deux courts de paume sont \u00e9lev\u00e9s au deuxi\u00e8me \u00e9tage d\u2019un immeuble en pierres de taille. Une splendide verri\u00e8re type Eiffel recouvre les deux courts entour\u00e9s de hautes fen\u00eatres pour permettre un \u00e9clairage naturel. Cet immeuble plus que centenaire constitue certainement l\u2019un des plus beaux joyaux du patrimoine architectural sportif de la capitale et de notre pays.<br><br>En 1927, les responsables de la Soci\u00e9t\u00e9 Sportive du Jeu de Paume de Paris d\u00e9cident d\u2019ouvrir quatre courts de squash en sacrifiant l\u2019un des deux courts de paume qui \u00e9tait sous utilis\u00e9. Ce seront les premiers courts de squash mis \u00e0 disposition des habitants de la capitale.<br><br>Les tr\u00e8s nombreuses comp\u00e9titions sportives organis\u00e9es dans ces lieux depuis plus de 100 ans ont permis d&rsquo;admirer les meilleurs joueurs du monde de ces deux disciplines. Ce lieu embl\u00e9matique a en outre accueilli le Comit\u00e9 Fran\u00e7ais de la Courte Paume (CFCP), instance f\u00e9d\u00e9ratrice des jeux de courte paume en France, mais aussi, dans les premi\u00e8res ann\u00e9es de son existence, la F\u00e9d\u00e9ration Fran\u00e7aise de Squash.<br><br>En contant l\u2019histoire de la Soci\u00e9t\u00e9 Sportive du Jeu de Paume et de Racquets, l\u2019une des plus anciennes associations sportives de notre pays (constitu\u00e9e en fait en 1840), cet ouvrage permet de d\u00e9voiler une partie tr\u00e8s peu connue de l\u2019histoire des sports dans notre capitale.\u00a0<\/p><\/div><\/div>\n\n\n<figure class=\"wp-block-image size-large\"><img decoding=\"async\" width=\"1024\" height=\"705\" src=\"https:\/\/paumefrance.com\/wp-content\/uploads\/2023\/08\/2023-08-22_132626_1283x883-1024x705.jpg\" alt=\"\" class=\"wp-image-2671\" srcset=\"https:\/\/paumefrance.com\/wp-content\/uploads\/2023\/08\/2023-08-22_132626_1283x883-1024x705.jpg 1024w, https:\/\/paumefrance.com\/wp-content\/uploads\/2023\/08\/2023-08-22_132626_1283x883-300x207.jpg 300w, https:\/\/paumefrance.com\/wp-content\/uploads\/2023\/08\/2023-08-22_132626_1283x883-768x529.jpg 768w, https:\/\/paumefrance.com\/wp-content\/uploads\/2023\/08\/2023-08-22_132626_1283x883-18x12.jpg 18w, https:\/\/paumefrance.com\/wp-content\/uploads\/2023\/08\/2023-08-22_132626_1283x883.jpg 1124w\" sizes=\"(max-width: 1024px) 100vw, 1024px\" \/><\/figure>\n\n\n<div class=\"tpgb-pro-paragraph tpgb-block-29a616_47 \"><div class=\"pro-paragraph-inner \"><p>Pour acheter le livre: <br> &#8211; version Francais disponible au clubs en France<br>&#8211; version en anglais via <a href=\"https:\/\/ronpubs.com\/node\/25\">Ronaldson Publications <\/a> ainsi au club de Paris.<\/p><\/div><\/div>\n\n\n<\/div>\n<\/div>\n<\/div><\/div><\/div>\n\n<div class=\"tpgb-column tpgb-block-7559fb_47  tpgb-md-col-33 tpgb-sm-col-40 tpgb-xs-col-100\"  data-id=\"7559fb_47\" ><div class=\"tpgb-column-wrap\"><div class=\"tpgb-column-inner\">\n<div class=\"tpgb-table-content tpgb-block-f4c2cc_613 table-style-3 \" data-settings=\"{&quot;tocSelector&quot;:&quot;.tpgb-toc&quot;,&quot;contentSelector&quot;:&quot;#content&quot;,&quot;headingSelector&quot;:&quot;h2,h3,h4,h5,h6&quot;,&quot;isCollapsedClass&quot;:&quot; is-collapsed&quot;,&quot;headingsOffset&quot;:100,&quot;scrollSmooth&quot;:true,&quot;scrollSmoothDuration&quot;:420,&quot;scrollSmoothOffset&quot;:0,&quot;orderedList&quot;:false,&quot;positionFixedSelector&quot;:&quot;.tpgb-table-content&quot;,&quot;fixedSidebarOffset&quot;:&quot;auto&quot;,&quot;hasInnerContainers&quot;:true}\"><div class=\"tpgb-toc-wrap  active\" ><div class=\"tpgb-toc-heading tpgb-trans-linear\"><span><span>Sommaire<\/span><\/span><\/div><div class=\"tpgb-toc toc\"><\/div><\/div><\/div>\n<\/div><\/div><\/div>\n<\/div><\/div>\n\n\n<p><\/p>\n","protected":false},"excerpt":{"rendered":"","protected":false},"author":1,"featured_media":7171,"parent":15,"menu_order":40,"comment_status":"closed","ping_status":"closed","template":"","meta":{"_acf_changed":false,"tpgb_global_settings":"","_uag_custom_page_level_css":"","site-sidebar-layout":"default","site-content-layout":"","ast-site-content-layout":"default","site-content-style":"default","site-sidebar-style":"default","ast-global-header-display":"","ast-banner-title-visibility":"","ast-main-header-display":"","ast-hfb-above-header-display":"","ast-hfb-below-header-display":"","ast-hfb-mobile-header-display":"","site-post-title":"disabled","ast-breadcrumbs-content":"","ast-featured-img":"disabled","footer-sml-layout":"","theme-transparent-header-meta":"","adv-header-id-meta":"","stick-header-meta":"","header-above-stick-meta":"","header-main-stick-meta":"","header-below-stick-meta":"","astra-migrate-meta-layouts":"set","ast-page-background-enabled":"default","ast-page-background-meta":{"desktop":{"background-color":"var(--ast-global-color-4)","background-image":"","background-repeat":"repeat","background-position":"center center","background-size":"auto","background-attachment":"scroll","background-type":"","background-media":"","overlay-type":"","overlay-color":"","overlay-gradient":""},"tablet":{"background-color":"","background-image":"","background-repeat":"repeat","background-position":"center center","background-size":"auto","background-attachment":"scroll","background-type":"","background-media":"","overlay-type":"","overlay-color":"","overlay-gradient":""},"mobile":{"background-color":"","background-image":"","background-repeat":"repeat","background-position":"center center","background-size":"auto","background-attachment":"scroll","background-type":"","background-media":"","overlay-type":"","overlay-color":"","overlay-gradient":""}},"ast-content-background-meta":{"desktop":{"background-color":"var(--ast-global-color-5)","background-image":"","background-repeat":"repeat","background-position":"center center","background-size":"auto","background-attachment":"scroll","background-type":"","background-media":"","overlay-type":"","overlay-color":"","overlay-gradient":""},"tablet":{"background-color":"var(--ast-global-color-5)","background-image":"","background-repeat":"repeat","background-position":"center center","background-size":"auto","background-attachment":"scroll","background-type":"","background-media":"","overlay-type":"","overlay-color":"","overlay-gradient":""},"mobile":{"background-color":"var(--ast-global-color-5)","background-image":"","background-repeat":"repeat","background-position":"center center","background-size":"auto","background-attachment":"scroll","background-type":"","background-media":"","overlay-type":"","overlay-color":"","overlay-gradient":""}},"_EventAllDay":false,"_EventTimezone":"","_EventStartDate":"","_EventEndDate":"","_EventStartDateUTC":"","_EventEndDateUTC":"","_EventShowMap":false,"_EventShowMapLink":false,"_EventURL":"","_EventCost":"","_EventCostDescription":"","_EventCurrencySymbol":"","_EventCurrencyCode":"","_EventCurrencyPosition":"","_EventDateTimeSeparator":"","_EventTimeRangeSeparator":"","_EventOrganizerID":[],"_EventVenueID":[0],"_OrganizerEmail":"","_OrganizerPhone":"","_OrganizerWebsite":"","_VenueAddress":"","_VenueCity":"","_VenueCountry":"","_VenueProvince":"","_VenueState":"","_VenueZip":"","_VenuePhone":"","_VenueURL":"","_VenueStateProvince":"","_VenueLat":"","_VenueLng":"","_VenueShowMap":false,"_VenueShowMapLink":false,"footnotes":""},"class_list":["post-47","page","type-page","status-publish","has-post-thumbnail","hentry"],"acf":[],"tpgb_featured_images":{"full":["https:\/\/paumefrance.com\/wp-content\/uploads\/2025\/12\/paris-with-net-2025-rotated.jpg",2016,1512,false],"tp-image-grid":["https:\/\/paumefrance.com\/wp-content\/uploads\/2025\/12\/paris-with-net-2025-700x700.jpg",700,700,true],"thumbnail":["https:\/\/paumefrance.com\/wp-content\/uploads\/2025\/12\/paris-with-net-2025-150x150.jpg",150,150,true],"medium":["https:\/\/paumefrance.com\/wp-content\/uploads\/2025\/12\/paris-with-net-2025-300x225.jpg",300,225,true],"medium_large":["https:\/\/paumefrance.com\/wp-content\/uploads\/2025\/12\/paris-with-net-2025-768x576.jpg",768,576,true],"large":["https:\/\/paumefrance.com\/wp-content\/uploads\/2025\/12\/paris-with-net-2025-1024x768.jpg",1024,768,true],"default":"https:\/\/paumefrance.com\/wp-content\/plugins\/the-plus-addons-for-block-editor\/assets\/images\/tpgb-placeholder.jpg"},"tpgb_post_meta_info":{"get_date":"26 February 2023","author_name":"Alain LIM","author_url":"#","author_email":"tegomassria@gmail.com","author_website":"","author_description":"","author_facebook":"","author_twitter":"","author_instagram":"","author_role":["administrator"],"author_firstname":"Alain","author_lastname":"LIM","user_login":"tegomassria","author_avatar":"<img alt='' src='https:\/\/secure.gravatar.com\/avatar\/2e94265b538a7c35ccd0671e94a2164db734a13410595ffaf671c113d3ea4dfd?s=200&#038;d=mm&#038;r=g' srcset='https:\/\/secure.gravatar.com\/avatar\/2e94265b538a7c35ccd0671e94a2164db734a13410595ffaf671c113d3ea4dfd?s=400&#038;d=mm&#038;r=g 2x' class='avatar avatar-200 photo' height='200' width='200' decoding='async'\/>","author_avatar_url":"https:\/\/secure.gravatar.com\/avatar\/2e94265b538a7c35ccd0671e94a2164db734a13410595ffaf671c113d3ea4dfd?s=96&d=mm&r=g","comment_count":0,"post_likes":0,"post_views":0},"tpgb_post_category":[],"uagb_featured_image_src":{"full":["https:\/\/paumefrance.com\/wp-content\/uploads\/2025\/12\/paris-with-net-2025-rotated.jpg",2016,1512,false],"thumbnail":["https:\/\/paumefrance.com\/wp-content\/uploads\/2025\/12\/paris-with-net-2025-150x150.jpg",150,150,true],"medium":["https:\/\/paumefrance.com\/wp-content\/uploads\/2025\/12\/paris-with-net-2025-300x225.jpg",300,225,true],"medium_large":["https:\/\/paumefrance.com\/wp-content\/uploads\/2025\/12\/paris-with-net-2025-768x576.jpg",768,576,true],"large":["https:\/\/paumefrance.com\/wp-content\/uploads\/2025\/12\/paris-with-net-2025-1024x768.jpg",1024,768,true],"1536x1536":["https:\/\/paumefrance.com\/wp-content\/uploads\/2025\/12\/paris-with-net-2025-1536x1152.jpg",1536,1152,true],"2048x2048":["https:\/\/paumefrance.com\/wp-content\/uploads\/2025\/12\/paris-with-net-2025-rotated.jpg",2016,1512,false],"trp-custom-language-flag":["https:\/\/paumefrance.com\/wp-content\/uploads\/2025\/12\/paris-with-net-2025-16x12.jpg",16,12,true],"tp-image-grid":["https:\/\/paumefrance.com\/wp-content\/uploads\/2025\/12\/paris-with-net-2025-700x700.jpg",700,700,true]},"uagb_author_info":{"display_name":"Alain LIM","author_link":"#"},"uagb_comment_info":0,"uagb_excerpt":null,"_links":{"self":[{"href":"https:\/\/paumefrance.com\/en\/wp-json\/wp\/v2\/pages\/47","targetHints":{"allow":["GET"]}}],"collection":[{"href":"https:\/\/paumefrance.com\/en\/wp-json\/wp\/v2\/pages"}],"about":[{"href":"https:\/\/paumefrance.com\/en\/wp-json\/wp\/v2\/types\/page"}],"author":[{"embeddable":true,"href":"https:\/\/paumefrance.com\/en\/wp-json\/wp\/v2\/users\/1"}],"replies":[{"embeddable":true,"href":"https:\/\/paumefrance.com\/en\/wp-json\/wp\/v2\/comments?post=47"}],"version-history":[{"count":18,"href":"https:\/\/paumefrance.com\/en\/wp-json\/wp\/v2\/pages\/47\/revisions"}],"predecessor-version":[{"id":7185,"href":"https:\/\/paumefrance.com\/en\/wp-json\/wp\/v2\/pages\/47\/revisions\/7185"}],"up":[{"embeddable":true,"href":"https:\/\/paumefrance.com\/en\/wp-json\/wp\/v2\/pages\/15"}],"wp:featuredmedia":[{"embeddable":true,"href":"https:\/\/paumefrance.com\/en\/wp-json\/wp\/v2\/media\/7171"}],"wp:attachment":[{"href":"https:\/\/paumefrance.com\/en\/wp-json\/wp\/v2\/media?parent=47"}],"curies":[{"name":"wp","href":"https:\/\/api.w.org\/{rel}","templated":true}]}}