{"id":49,"date":"2023-02-26T00:34:46","date_gmt":"2023-02-25T23:34:46","guid":{"rendered":"https:\/\/paumefrance.com\/?page_id=49"},"modified":"2023-07-14T17:45:49","modified_gmt":"2023-07-14T15:45:49","slug":"fontainebleau","status":"publish","type":"page","link":"https:\/\/paumefrance.com\/en\/les-clubs\/fontainebleau\/","title":{"rendered":"Fontainebleau"},"content":{"rendered":"<div  class=\"tpgb-container-row tpgb-block-f8cf1a_1203  tpgb-section-height-min-height tpgb-container-49    alignfull   tpgb-container-inline tpgb-container-full\" data-id=\"f8cf1a_1203\"  ><div class=\"tpgb-row-background  \"><div class=\"tpgb-top-layer\"><\/div><\/div>\n<div  class=\"tpgb-heading-title tpgb-relative-block heading_style tpgb-block-e87c74_1203  heading-style-1\"><div class=\"sub-style\"><div class=\"head-title \"><h1 class=\"heading-title\">Fontainebleau<\/h1><\/div><\/div><\/div>\n<\/div><style>.tpgb-block-f8cf1a_1203.tpgb-container-49{ background-image : url(https:\/\/paumefrance.com\/wp-content\/uploads\/2023\/02\/Fontainebleau_lumie_res2.jpg) }<\/style>\n\n<div  class=\"tpgb-section tpgb-block-64a74d  tpgb-section-stretch-row alignfull    alignfull \" data-id=\"64a74d\"  ><div class=\"tpgb-section-wrap  tpgb-container\">\n<div class=\"tpgb-column tpgb-block-2c43d9  tpgb-md-col-66 tpgb-sm-col-60 tpgb-xs-col-100\"  data-id=\"2c43d9\" ><div class=\"tpgb-column-wrap\"><div class=\"tpgb-column-inner\">\n<div  class=\"tpgb-container-row tpgb-block-fb444f     alignfull   tpgb-container-full\" data-id=\"fb444f\"  >\n<div class=\"tpgb-container-col tpgb-block-4a9dc9 \" data-id=\"4a9dc9\"  >\n<div  class=\"tpgb-heading-title tpgb-relative-block heading_style tpgb-block-622cfa  heading-style-2\"><div class=\"sub-style\"><div class=\"head-title \"><h2 class=\"heading-title\">Introduction<\/h2><\/div><\/div><\/div>\n\n\n<div class=\"wp-block-group is-layout-constrained wp-block-group-is-layout-constrained\"><div id=\"5ed6ea\" class=\"tpgb-creative-image tpgb-relative-block tpgb-block-5ed6ea tpgb-image-right\"><div class=\"tpgb-anim-img-parallax tpgb-relative-block\"><div class=\"tpgb-animate-image 5ed6ea text-right  tpgb-fancy-add\"  data-fancy-option='{\"button\":[\"iterateZoom\",\"close\"]}' data-id=\"5ed6ea\"><figure class=\" \"><a class=\"tpgb-creative-img-wrap  \" href=\"https:\/\/paumefrance.com\/wp-content\/uploads\/2023\/02\/Logo_jdpf_rouge-scaled.jpg\" data-fancybox=\"fancyImg-5ed6ea\"><img decoding=\"async\" width=\"491\" height=\"700\" src=\"https:\/\/paumefrance.com\/wp-content\/uploads\/2023\/02\/Logo_jdpf_rouge-scaled.jpg\" class=\"hover__img info_img\" alt=\"Logo_jdpf_rouge\" srcset=\"https:\/\/paumefrance.com\/wp-content\/uploads\/2023\/02\/Logo_jdpf_rouge-scaled.jpg 1796w, https:\/\/paumefrance.com\/wp-content\/uploads\/2023\/02\/Logo_jdpf_rouge-scaled-600x855.jpg 600w, https:\/\/paumefrance.com\/wp-content\/uploads\/2023\/02\/Logo_jdpf_rouge-211x300.jpg 211w, https:\/\/paumefrance.com\/wp-content\/uploads\/2023\/02\/Logo_jdpf_rouge-719x1024.jpg 719w, https:\/\/paumefrance.com\/wp-content\/uploads\/2023\/02\/Logo_jdpf_rouge-768x1094.jpg 768w, https:\/\/paumefrance.com\/wp-content\/uploads\/2023\/02\/Logo_jdpf_rouge-1078x1536.jpg 1078w, https:\/\/paumefrance.com\/wp-content\/uploads\/2023\/02\/Logo_jdpf_rouge-1437x2048.jpg 1437w\" sizes=\"(max-width: 491px) 100vw, 491px\" \/><\/a><\/figure><\/div><\/div><\/div>\n\n<div class=\"tpgb-pro-paragraph tpgb-block-217854 \"><div class=\"pro-paragraph-inner \"><p>La salle du ch\u00e2teau de Fontainebleau, b\u00e2tie en 1601 et r\u00e9nov\u00e9e en 1732 apr\u00e8s un incendie, est l\u2019une des derni\u00e8res salles historiques dans le monde o\u00f9 l\u2019on peut pratiquer ce sport autrefois si populaire.\n\nLe cercle du jeu de paume y organise r\u00e9guli\u00e8rement des tournois nationaux ou internationaux et permet aux adeptes de cette discipline d\u2019y jouer tout au long de l\u2019ann\u00e9e.\n\nGuillaume Dortu, ma\u00eetre paumier du Cercle, vous y accueille \u00e9galement sur rendez-vous pour des initiations individuelles ou en groupe.\n<\/p><\/div><\/div><\/div>\n\n\n<div id=\"396a35\" class=\"tpgb-creative-image tpgb-relative-block tpgb-block-396a35 \"><div class=\"tpgb-anim-img-parallax tpgb-relative-block\"><div class=\"tpgb-animate-image 396a35 text-center  tpgb-fancy-add\"  data-fancy-option='{\"button\":[\"iterateZoom\",\"close\"]}' data-id=\"396a35\"><figure class=\" \"><a class=\"tpgb-creative-img-wrap  \" href=\"https:\/\/paumefrance.com\/wp-content\/uploads\/2023\/02\/Fontainebleau_lumie_res2.jpg\" data-fancybox=\"fancyImg-396a35\"><img decoding=\"async\" width=\"700\" height=\"700\" src=\"https:\/\/paumefrance.com\/wp-content\/uploads\/2023\/02\/Fontainebleau_lumie_res2.jpg\" class=\"hover__img info_img\" alt=\"Fontainebleau_lumie_res2\" srcset=\"https:\/\/paumefrance.com\/wp-content\/uploads\/2023\/02\/Fontainebleau_lumie_res2.jpg 1000w, https:\/\/paumefrance.com\/wp-content\/uploads\/2023\/02\/Fontainebleau_lumie_res2-300x300.jpg 300w, https:\/\/paumefrance.com\/wp-content\/uploads\/2023\/02\/Fontainebleau_lumie_res2-100x100.jpg 100w, https:\/\/paumefrance.com\/wp-content\/uploads\/2023\/02\/Fontainebleau_lumie_res2-600x600.jpg 600w, https:\/\/paumefrance.com\/wp-content\/uploads\/2023\/02\/Fontainebleau_lumie_res2-150x150.jpg 150w, https:\/\/paumefrance.com\/wp-content\/uploads\/2023\/02\/Fontainebleau_lumie_res2-768x768.jpg 768w\" sizes=\"(max-width: 700px) 100vw, 700px\" \/><\/a><\/figure><\/div><\/div><\/div>\n<\/div>\n<\/div>\n\n<div  class=\"tpgb-container-row tpgb-block-0c0af8     alignfull   tpgb-container-full\" data-id=\"0c0af8\"  >\n<div class=\"tpgb-container-col tpgb-block-f8f66b \" data-id=\"f8f66b\"  >\n<div  class=\"tpgb-heading-title tpgb-relative-block heading_style tpgb-block-b5ce1b  heading-style-2\"><div class=\"sub-style\"><div class=\"head-title \"><h2 class=\"heading-title\"><strong>Informations pratiques<\/strong><\/h2><\/div><\/div><\/div>\n\n\n<div class=\"inherit-container-width wp-block-group is-layout-constrained wp-block-group-is-layout-constrained\"><div class=\"tpgb-pro-paragraph tpgb-block-0517ae \"><div class=\"pro-paragraph-inner \"><p>Cercle du jeu de paume de Fontainebleau<br>Palais national, 77300 Fontainebleau<br>Courriel : info@paume-fontainebleau.com<br>Ma\u00eetre paumier : Guillaume Dortu<br>T\u00e9l\u00e9phone : +33 (0)164224767 \/ +33 (0)671335226<br><br>Particularit\u00e9s : construite en 1601, remani\u00e9e en 1732 apr\u00e8s un incendie, cette salle se trouve dans la cour d&rsquo;honneur du ch\u00e2teau de Fontainebleau.<br><br>Horaires : 9h15 &#8211; 23h00<\/p><\/div><\/div><\/div>\n\n<\/div>\n<\/div>\n<\/div><\/div><\/div>\n\n<div class=\"tpgb-column tpgb-block-f8b43a  tpgb-md-col-33 tpgb-sm-col-40 tpgb-xs-col-100\"  data-id=\"f8b43a\" ><div class=\"tpgb-column-wrap\"><div class=\"tpgb-column-inner\">\n<div class=\"tpgb-table-content tpgb-block-f4c2cc_613 table-style-3 \" data-settings=\"{&quot;tocSelector&quot;:&quot;.tpgb-toc&quot;,&quot;contentSelector&quot;:&quot;#content&quot;,&quot;headingSelector&quot;:&quot;h2,h3,h4,h5,h6&quot;,&quot;isCollapsedClass&quot;:&quot; is-collapsed&quot;,&quot;headingsOffset&quot;:100,&quot;scrollSmooth&quot;:true,&quot;scrollSmoothDuration&quot;:420,&quot;scrollSmoothOffset&quot;:0,&quot;orderedList&quot;:false,&quot;positionFixedSelector&quot;:&quot;.tpgb-table-content&quot;,&quot;fixedSidebarOffset&quot;:&quot;auto&quot;,&quot;hasInnerContainers&quot;:true}\"><div class=\"tpgb-toc-wrap  active\" ><div class=\"tpgb-toc-heading tpgb-trans-linear\"><span><span>Sommaire<\/span><\/span><\/div><div class=\"tpgb-toc toc\"><\/div><\/div><\/div>\n<\/div><\/div><\/div>\n<\/div><\/div>","protected":false},"excerpt":{"rendered":"","protected":false},"author":1,"featured_media":51,"parent":15,"menu_order":50,"comment_status":"closed","ping_status":"closed","template":"","meta":{"_acf_changed":false,"tpgb_global_settings":"","_uag_custom_page_level_css":"","site-sidebar-layout":"default","site-content-layout":"","ast-site-content-layout":"","site-content-style":"default","site-sidebar-style":"default","ast-global-header-display":"","ast-banner-title-visibility":"","ast-main-header-display":"","ast-hfb-above-header-display":"","ast-hfb-below-header-display":"","ast-hfb-mobile-header-display":"","site-post-title":"disabled","ast-breadcrumbs-content":"","ast-featured-img":"disabled","footer-sml-layout":"","theme-transparent-header-meta":"","adv-header-id-meta":"","stick-header-meta":"","header-above-stick-meta":"","header-main-stick-meta":"","header-below-stick-meta":"","astra-migrate-meta-layouts":"default","ast-page-background-enabled":"default","ast-page-background-meta":{"desktop":{"background-color":"var(--ast-global-color-4)","background-image":"","background-repeat":"repeat","background-position":"center center","background-size":"auto","background-attachment":"scroll","background-type":"","background-media":"","overlay-type":"","overlay-color":"","overlay-gradient":""},"tablet":{"background-color":"","background-image":"","background-repeat":"repeat","background-position":"center center","background-size":"auto","background-attachment":"scroll","background-type":"","background-media":"","overlay-type":"","overlay-color":"","overlay-gradient":""},"mobile":{"background-color":"","background-image":"","background-repeat":"repeat","background-position":"center center","background-size":"auto","background-attachment":"scroll","background-type":"","background-media":"","overlay-type":"","overlay-color":"","overlay-gradient":""}},"ast-content-background-meta":{"desktop":{"background-color":"var(--ast-global-color-5)","background-image":"","background-repeat":"repeat","background-position":"center center","background-size":"auto","background-attachment":"scroll","background-type":"","background-media":"","overlay-type":"","overlay-color":"","overlay-gradient":""},"tablet":{"background-color":"var(--ast-global-color-5)","background-image":"","background-repeat":"repeat","background-position":"center center","background-size":"auto","background-attachment":"scroll","background-type":"","background-media":"","overlay-type":"","overlay-color":"","overlay-gradient":""},"mobile":{"background-color":"var(--ast-global-color-5)","background-image":"","background-repeat":"repeat","background-position":"center center","background-size":"auto","background-attachment":"scroll","background-type":"","background-media":"","overlay-type":"","overlay-color":"","overlay-gradient":""}},"_EventAllDay":false,"_EventTimezone":"","_EventStartDate":"","_EventEndDate":"","_EventStartDateUTC":"","_EventEndDateUTC":"","_EventShowMap":false,"_EventShowMapLink":false,"_EventURL":"","_EventCost":"","_EventCostDescription":"","_EventCurrencySymbol":"","_EventCurrencyCode":"","_EventCurrencyPosition":"","_EventDateTimeSeparator":"","_EventTimeRangeSeparator":"","_EventOrganizerID":[],"_EventVenueID":[0],"_OrganizerEmail":"","_OrganizerPhone":"","_OrganizerWebsite":"","_VenueAddress":"","_VenueCity":"","_VenueCountry":"","_VenueProvince":"","_VenueState":"","_VenueZip":"","_VenuePhone":"","_VenueURL":"","_VenueStateProvince":"","_VenueLat":"","_VenueLng":"","_VenueShowMap":false,"_VenueShowMapLink":false,"footnotes":""},"class_list":["post-49","page","type-page","status-publish","has-post-thumbnail","hentry"],"acf":[],"tpgb_featured_images":{"full":["https:\/\/paumefrance.com\/wp-content\/uploads\/2023\/02\/Fontainebleau_lumie_res2.jpg",1000,1000,false],"tp-image-grid":["https:\/\/paumefrance.com\/wp-content\/uploads\/2023\/02\/Fontainebleau_lumie_res2.jpg",700,700,false],"thumbnail":["https:\/\/paumefrance.com\/wp-content\/uploads\/2023\/02\/Fontainebleau_lumie_res2-150x150.jpg",150,150,true],"medium":["https:\/\/paumefrance.com\/wp-content\/uploads\/2023\/02\/Fontainebleau_lumie_res2-300x300.jpg",300,300,true],"medium_large":["https:\/\/paumefrance.com\/wp-content\/uploads\/2023\/02\/Fontainebleau_lumie_res2-768x768.jpg",768,768,true],"large":["https:\/\/paumefrance.com\/wp-content\/uploads\/2023\/02\/Fontainebleau_lumie_res2.jpg",1000,1000,false],"default":"https:\/\/paumefrance.com\/wp-content\/plugins\/the-plus-addons-for-block-editor\/assets\/images\/tpgb-placeholder.jpg"},"tpgb_post_meta_info":{"get_date":"26 February 2023","author_name":"Alain LIM","author_url":"#","author_email":"tegomassria@gmail.com","author_website":"","author_description":"","author_facebook":"","author_twitter":"","author_instagram":"","author_role":["administrator"],"author_firstname":"Alain","author_lastname":"LIM","user_login":"tegomassria","author_avatar":"<img alt='' src='https:\/\/secure.gravatar.com\/avatar\/2e94265b538a7c35ccd0671e94a2164db734a13410595ffaf671c113d3ea4dfd?s=200&#038;d=mm&#038;r=g' srcset='https:\/\/secure.gravatar.com\/avatar\/2e94265b538a7c35ccd0671e94a2164db734a13410595ffaf671c113d3ea4dfd?s=400&#038;d=mm&#038;r=g 2x' class='avatar avatar-200 photo' height='200' width='200' decoding='async'\/>","author_avatar_url":"https:\/\/secure.gravatar.com\/avatar\/2e94265b538a7c35ccd0671e94a2164db734a13410595ffaf671c113d3ea4dfd?s=96&d=mm&r=g","comment_count":0,"post_likes":0,"post_views":0},"tpgb_post_category":[],"uagb_featured_image_src":{"full":["https:\/\/paumefrance.com\/wp-content\/uploads\/2023\/02\/Fontainebleau_lumie_res2.jpg",1000,1000,false],"thumbnail":["https:\/\/paumefrance.com\/wp-content\/uploads\/2023\/02\/Fontainebleau_lumie_res2-150x150.jpg",150,150,true],"medium":["https:\/\/paumefrance.com\/wp-content\/uploads\/2023\/02\/Fontainebleau_lumie_res2-300x300.jpg",300,300,true],"medium_large":["https:\/\/paumefrance.com\/wp-content\/uploads\/2023\/02\/Fontainebleau_lumie_res2-768x768.jpg",768,768,true],"large":["https:\/\/paumefrance.com\/wp-content\/uploads\/2023\/02\/Fontainebleau_lumie_res2.jpg",1000,1000,false],"1536x1536":["https:\/\/paumefrance.com\/wp-content\/uploads\/2023\/02\/Fontainebleau_lumie_res2.jpg",1000,1000,false],"2048x2048":["https:\/\/paumefrance.com\/wp-content\/uploads\/2023\/02\/Fontainebleau_lumie_res2.jpg",1000,1000,false],"trp-custom-language-flag":["https:\/\/paumefrance.com\/wp-content\/uploads\/2023\/02\/Fontainebleau_lumie_res2.jpg",12,12,false],"tp-image-grid":["https:\/\/paumefrance.com\/wp-content\/uploads\/2023\/02\/Fontainebleau_lumie_res2.jpg",700,700,false]},"uagb_author_info":{"display_name":"Alain LIM","author_link":"#"},"uagb_comment_info":0,"uagb_excerpt":null,"_links":{"self":[{"href":"https:\/\/paumefrance.com\/en\/wp-json\/wp\/v2\/pages\/49","targetHints":{"allow":["GET"]}}],"collection":[{"href":"https:\/\/paumefrance.com\/en\/wp-json\/wp\/v2\/pages"}],"about":[{"href":"https:\/\/paumefrance.com\/en\/wp-json\/wp\/v2\/types\/page"}],"author":[{"embeddable":true,"href":"https:\/\/paumefrance.com\/en\/wp-json\/wp\/v2\/users\/1"}],"replies":[{"embeddable":true,"href":"https:\/\/paumefrance.com\/en\/wp-json\/wp\/v2\/comments?post=49"}],"version-history":[{"count":0,"href":"https:\/\/paumefrance.com\/en\/wp-json\/wp\/v2\/pages\/49\/revisions"}],"up":[{"embeddable":true,"href":"https:\/\/paumefrance.com\/en\/wp-json\/wp\/v2\/pages\/15"}],"wp:featuredmedia":[{"embeddable":true,"href":"https:\/\/paumefrance.com\/en\/wp-json\/wp\/v2\/media\/51"}],"wp:attachment":[{"href":"https:\/\/paumefrance.com\/en\/wp-json\/wp\/v2\/media?parent=49"}],"curies":[{"name":"wp","href":"https:\/\/api.w.org\/{rel}","templated":true}]}}