{"id":53,"date":"2023-02-26T00:38:01","date_gmt":"2023-02-25T23:38:01","guid":{"rendered":"https:\/\/paumefrance.com\/?page_id=53"},"modified":"2023-07-16T19:10:46","modified_gmt":"2023-07-16T17:10:46","slug":"chinon","status":"publish","type":"page","link":"https:\/\/paumefrance.com\/en\/les-clubs\/chinon\/","title":{"rendered":"Chinon"},"content":{"rendered":"<div  class=\"tpgb-container-row tpgb-block-f8cf1a_1203  tpgb-section-height-min-height tpgb-container-53    alignfull   tpgb-container-inline tpgb-container-full\" data-id=\"f8cf1a_1203\"  ><div class=\"tpgb-row-background  \"><div class=\"tpgb-top-layer\"><\/div><\/div>\n<div  class=\"tpgb-heading-title tpgb-relative-block heading_style tpgb-block-e87c74_1203  heading-style-1\"><div class=\"sub-style\"><div class=\"head-title \"><h1 class=\"heading-title\">Chinon<\/h1><\/div><\/div><\/div>\n<\/div><style>.tpgb-block-f8cf1a_1203.tpgb-container-53{ background-image : url(https:\/\/paumefrance.com\/wp-content\/uploads\/2023\/02\/facade.jpg) }<\/style>\n\n<div  class=\"tpgb-section tpgb-block-c81eff  tpgb-section-stretch-row alignfull    alignfull \" data-id=\"c81eff\"  ><div class=\"tpgb-section-wrap  tpgb-container\">\n<div class=\"tpgb-column tpgb-block-589efa  tpgb-md-col-66 tpgb-sm-col-60 tpgb-xs-col-100\"  data-id=\"589efa\" ><div class=\"tpgb-column-wrap\"><div class=\"tpgb-column-inner\">\n<div  class=\"tpgb-container-row tpgb-block-e7acfe     alignfull   tpgb-container-full\" data-id=\"e7acfe\"  >\n<div class=\"tpgb-container-col tpgb-block-9dc8ca \" data-id=\"9dc8ca\"  >\n<div  class=\"tpgb-heading-title tpgb-relative-block heading_style tpgb-block-cf4b94  heading-style-2\"><div class=\"sub-style\"><div class=\"head-title \"><h2 class=\"heading-title\">Introduction<\/h2><\/div><\/div><\/div>\n\n<div class=\"tpgb-pro-paragraph tpgb-block-4a5ec9 \"><div class=\"pro-paragraph-inner \"><p><strong>Le jeu de paume de Chinon : patrimoine vivant \u00e0 sauvegarder et nouveau club de courte paume en France.<br><\/strong><br>La ville de Chinon, situ\u00e9e en Indre et Loire sur les bords de la Vienne est c\u00e9l\u00e8bre notamment pour sa forteresse, son vin, Jeanne d\u2019Arc ou Rabelais, on sait moins, qu\u2019\u00e0 l\u2019instar de nombreuses villes fran\u00e7aises, elle a pu abriter jusqu\u2019\u00e0 5 jeux de paume pendant la Renaissance. Un seul reste debout aujourd\u2019hui. Situ\u00e9 au 10, rue du jeu de paume, en plein centre-ville historique, il fut plusieurs fois menac\u00e9 de destruction, tour \u00e0 tour man\u00e8ge pour les troupes de cavalerie \u00e0 la fin du XVIIIe si\u00e8cle, garage pour les cal\u00e8ches, \u00e9curie, jusqu\u2019\u00e0 entrep\u00f4t \u00e0 volailles il y a encore quelques ann\u00e9es. Aujourd\u2019hui en tr\u00e8s mauvais \u00e9tat, il conserve n\u00e9anmoins ses murs et sa magnifique charpente \u00e0 chevrons qui date de la construction du b\u00e2timent dans le dernier quart du\u00a0XVIe si\u00e8cle.<\/p><\/div><\/div>\n\n<div id=\"16c013\" class=\"tpgb-creative-image tpgb-relative-block tpgb-block-16c013 \"><div class=\"tpgb-anim-img-parallax tpgb-relative-block\"><div class=\"tpgb-animate-image 16c013 text-center  tpgb-fancy-add\"  data-fancy-option='{\"button\":[\"iterateZoom\",\"close\"]}' data-id=\"16c013\"><figure class=\" \"><a class=\"tpgb-creative-img-wrap  \" href=\"https:\/\/paumefrance.com\/wp-content\/uploads\/2023\/02\/chinon_vue_de_la_tour_de_lhorloge_Copie.jpg\" data-fancybox=\"fancyImg-16c013\"><img decoding=\"async\" width=\"700\" height=\"514\" src=\"https:\/\/paumefrance.com\/wp-content\/uploads\/2023\/02\/chinon_vue_de_la_tour_de_lhorloge_Copie.jpg\" class=\"hover__img info_img\" alt=\"chinon_vue_de_la_tour_de_lhorloge_Copie\" srcset=\"https:\/\/paumefrance.com\/wp-content\/uploads\/2023\/02\/chinon_vue_de_la_tour_de_lhorloge_Copie.jpg 966w, https:\/\/paumefrance.com\/wp-content\/uploads\/2023\/02\/chinon_vue_de_la_tour_de_lhorloge_Copie-600x440.jpg 600w, https:\/\/paumefrance.com\/wp-content\/uploads\/2023\/02\/chinon_vue_de_la_tour_de_lhorloge_Copie-300x220.jpg 300w, https:\/\/paumefrance.com\/wp-content\/uploads\/2023\/02\/chinon_vue_de_la_tour_de_lhorloge_Copie-768x564.jpg 768w\" sizes=\"(max-width: 700px) 100vw, 700px\" \/><\/a><\/figure><\/div><\/div><\/div>\n\n<div class=\"tpgb-pro-paragraph tpgb-block-6e354f \"><div class=\"pro-paragraph-inner \"><p><strong>Il s\u2019agit donc d\u2019un des derniers jeux de paume du XVIe si\u00e8cle encore debout<\/strong>, avec tout l\u2019int\u00e9r\u00eat patrimonial et culturel que cela repr\u00e9sente. Le sauvetage de ce t\u00e9moin de l\u2019histoire de notre sport national est donc primordial pour le Comit\u00e9 fran\u00e7ais de courte paume (CFCP). Gr\u00e2ce au soutien de notre projet par la mairie de Chinon le b\u00e2timent a \u00e9t\u00e9 inscrit au titre des monuments historiques le 29 d\u00e9cembre 2015 (Arr\u00eat\u00e9 cad. 295).<br>Le projet du CFCP est de r\u00e9unir les fonds n\u00e9cessaires \u00e0 la restauration de la salle pour y pratiquer \u00e0 nouveau la courte paume, en respectant \u00e0 la fois l\u2019histoire du b\u00e2timent mais aussi la pratique sportive moderne. La salle repose sur un terrain d\u2019environ 630 m2 o\u00f9 s\u2019articuleront, selon le projet de l\u2019architecte du patrimoine Carsten Hanssen en coop\u00e9ration avec CFCP, les diff\u00e9rentes d\u00e9pendances li\u00e9es au fonctionnement d\u2019un club de jeu de paume : vestiaires, club house, atelier du maitre paumier, ainsi qu\u2019un jardin.<br>Le projet est soutenu par la Fondation du Patrimoine qui a lanc\u00e9 une souscription permettant de donner au projet tout en b\u00e9n\u00e9ficiant d&rsquo;une d\u00e9fiscalisation.<br>Cette souscription se consacre \u00e0 la premi\u00e8re phase qui consiste \u00e0 retrouver le volume et la lumi\u00e8re d&rsquo;origine, tout en se d\u00e9barrassant des constructions parasites et pr\u00e9parant ainsi l&rsquo;intervention des arch\u00e9ologues de l\u2019INRAP en septembre 2021.<br>La seconde phase, plus co\u00fbteuse, impliquera la restauration compl\u00e8te de la salle et fera l&rsquo;objet d&rsquo;une seconde souscription de la Fondation du Patrimoine.<br>Le surplus des dons de la premi\u00e8re phase sera automatiquement rediriger vers la seconde.<\/p><\/div><\/div>\n\n<div id=\"e583bd\" class=\"tpgb-creative-image tpgb-relative-block tpgb-block-e583bd \"><div class=\"tpgb-anim-img-parallax tpgb-relative-block\"><div class=\"tpgb-animate-image e583bd text-center  tpgb-fancy-add\"  data-fancy-option='{\"button\":[\"iterateZoom\",\"close\"]}' data-id=\"e583bd\"><figure class=\" \"><a class=\"tpgb-creative-img-wrap  \" href=\"https:\/\/paumefrance.com\/wp-content\/uploads\/2023\/07\/1.jpg\" data-fancybox=\"fancyImg-e583bd\"><img decoding=\"async\" width=\"700\" height=\"700\" src=\"https:\/\/paumefrance.com\/wp-content\/uploads\/2023\/07\/1-700x700.jpg\" class=\"hover__img info_img\" alt=\"1\" srcset=\"https:\/\/paumefrance.com\/wp-content\/uploads\/2023\/07\/1-700x700.jpg 700w, https:\/\/paumefrance.com\/wp-content\/uploads\/2023\/07\/1-150x150.jpg 150w\" sizes=\"(max-width: 700px) 100vw, 700px\" \/><\/a><\/figure><\/div><\/div><\/div>\n<\/div>\n<\/div>\n\n<div  class=\"tpgb-container-row tpgb-block-4b6356     alignfull   tpgb-container-full\" data-id=\"4b6356\"  >\n<div class=\"tpgb-container-col tpgb-block-2d9810 \" data-id=\"2d9810\"  >\n<div  class=\"tpgb-heading-title tpgb-relative-block heading_style tpgb-block-63d1ae  heading-style-2\"><div class=\"sub-style\"><div class=\"head-title \"><h2 class=\"heading-title\"><strong>Informations pratiques<\/strong><\/h2><\/div><\/div><\/div>\n\n<div class=\"tpgb-pro-paragraph tpgb-block-00ec3c \"><div class=\"pro-paragraph-inner \"><p>Le lien vers la page de la Fondation du Patrimoine ci-dessous :<br><a href=\"https:\/\/www.fondation-patrimoine.org\/les-projets\/salle-de-jeu-de-paume-a-chinon\">https:\/\/www.fondation-patrimoine.org\/les-projets\/salle-de-jeu-de-paume-a-chinon<\/a><br><br>N\u2019h\u00e9sitez pas \u00e0 nous contacter pour en savoir plus.<br><br>Contact\u00a0:\u00a0<a href=\"mailto:jdpchinon@gmail.com\">jdpchinon@gmail.com<\/a><\/p><\/div><\/div>\n<\/div>\n<\/div>\n\n<div  class=\"tpgb-wrap-d8b1c1  tpgb-wrap-fw \"   ><div id=\"d8b1c1\" class=\"tpgb-block-d8b1c1 tpgb-relative-block tpgb-gallery-list tpgb-isotope gallery-style-1 hover-image-style-1   \" data-style=\"style-1\" data-id=\"d8b1c1\" data-layout=\"grid\" data-fancy-option='{\"loop\":true,\"thumb\":\"no\",\"infobar\":true,\"arrows\":true,\"transitionEffect\":\"slide\",\"button\":[]}' data-splide='\"\"' ><div class=\"tpgb-row post-loop-inner \"><div class=\"grid-item metro-item-0  tpgb-col-lg-3 tpgb-col-md-4 tpgb-col-sm-6 tpgb-col-6  \"><a href=\"https:\/\/paumefrance.com\/wp-content\/uploads\/2023\/02\/JEU_DE_PAUME_DE_CHINON_couv_ok-scaled.jpg\" class=\"tpgb-gallery-list-content tpgb-trans-easeinout\"  data-fancybox = \"d8b1c1\"    aria-label=\"JEU_DE_PAUME_DE_CHINON_couv_ok\"><div class=\"post-content-image\"><div class=\"tpgb-gallery-image tpgb-trans-easeinout-before\"><span class=\"thumb-wrap\"><img decoding=\"async\" width=\"1811\" height=\"2560\" src=\"https:\/\/paumefrance.com\/wp-content\/uploads\/2023\/02\/JEU_DE_PAUME_DE_CHINON_couv_ok-scaled.jpg\" class=\"attachment-full size-full\" alt=\"Media Image1\" srcset=\"https:\/\/paumefrance.com\/wp-content\/uploads\/2023\/02\/JEU_DE_PAUME_DE_CHINON_couv_ok-scaled.jpg 1811w, https:\/\/paumefrance.com\/wp-content\/uploads\/2023\/02\/JEU_DE_PAUME_DE_CHINON_couv_ok-scaled-600x848.jpg 600w, https:\/\/paumefrance.com\/wp-content\/uploads\/2023\/02\/JEU_DE_PAUME_DE_CHINON_couv_ok-212x300.jpg 212w, https:\/\/paumefrance.com\/wp-content\/uploads\/2023\/02\/JEU_DE_PAUME_DE_CHINON_couv_ok-724x1024.jpg 724w, https:\/\/paumefrance.com\/wp-content\/uploads\/2023\/02\/JEU_DE_PAUME_DE_CHINON_couv_ok-768x1086.jpg 768w, https:\/\/paumefrance.com\/wp-content\/uploads\/2023\/02\/JEU_DE_PAUME_DE_CHINON_couv_ok-1087x1536.jpg 1087w, https:\/\/paumefrance.com\/wp-content\/uploads\/2023\/02\/JEU_DE_PAUME_DE_CHINON_couv_ok-1449x2048.jpg 1449w\" sizes=\"(max-width: 1811px) 100vw, 1811px\" \/><\/span><\/div><\/div><div class=\"post-content-center\"><div class=\"post-hover-content\"><div class=\"meta-search-icon\"><span><img decoding=\"async\" class=\"fancy-img\" src=\"https:\/\/paumefrance.com\/wp-content\/uploads\/2023\/02\/JEU_DE_PAUME_DE_CHINON_couv_ok-scaled.jpg\" alt=\"Media Image1\"\/><i class=\"fa fa-search-plus pop-icon\"><\/i><\/span><\/div><\/div><\/div><\/a><\/div><div class=\"grid-item metro-item-1  tpgb-col-lg-3 tpgb-col-md-4 tpgb-col-sm-6 tpgb-col-6  \"><a href=\"https:\/\/paumefrance.com\/wp-content\/uploads\/2023\/02\/facade.jpg\" class=\"tpgb-gallery-list-content tpgb-trans-easeinout\"  data-fancybox = \"d8b1c1\"    aria-label=\"facade\"><div class=\"post-content-image\"><div class=\"tpgb-gallery-image tpgb-trans-easeinout-before\"><span class=\"thumb-wrap\"><img decoding=\"async\" width=\"1181\" height=\"1573\" src=\"https:\/\/paumefrance.com\/wp-content\/uploads\/2023\/02\/facade.jpg\" class=\"attachment-full size-full\" alt=\"Media Image2\" srcset=\"https:\/\/paumefrance.com\/wp-content\/uploads\/2023\/02\/facade.jpg 1181w, https:\/\/paumefrance.com\/wp-content\/uploads\/2023\/02\/facade-600x799.jpg 600w, https:\/\/paumefrance.com\/wp-content\/uploads\/2023\/02\/facade-225x300.jpg 225w, https:\/\/paumefrance.com\/wp-content\/uploads\/2023\/02\/facade-769x1024.jpg 769w, https:\/\/paumefrance.com\/wp-content\/uploads\/2023\/02\/facade-768x1023.jpg 768w, https:\/\/paumefrance.com\/wp-content\/uploads\/2023\/02\/facade-1153x1536.jpg 1153w\" sizes=\"(max-width: 1181px) 100vw, 1181px\" \/><\/span><\/div><\/div><div class=\"post-content-center\"><div class=\"post-hover-content\"><div class=\"meta-search-icon\"><span><img decoding=\"async\" class=\"fancy-img\" src=\"https:\/\/paumefrance.com\/wp-content\/uploads\/2023\/02\/facade.jpg\" alt=\"Media Image2\"\/><i class=\"fa fa-search-plus pop-icon\"><\/i><\/span><\/div><\/div><\/div><\/a><\/div><\/div><\/div><\/div>\n<\/div><\/div><\/div>\n\n<div class=\"tpgb-column tpgb-block-dda10b  tpgb-md-col-33 tpgb-sm-col-40 tpgb-xs-col-100\"  data-id=\"dda10b\" ><div class=\"tpgb-column-wrap\"><div class=\"tpgb-column-inner\">\n<div class=\"tpgb-table-content tpgb-block-f4c2cc_613 table-style-3 \" data-settings=\"{&quot;tocSelector&quot;:&quot;.tpgb-toc&quot;,&quot;contentSelector&quot;:&quot;#content&quot;,&quot;headingSelector&quot;:&quot;h2,h3,h4,h5,h6&quot;,&quot;isCollapsedClass&quot;:&quot; is-collapsed&quot;,&quot;headingsOffset&quot;:100,&quot;scrollSmooth&quot;:true,&quot;scrollSmoothDuration&quot;:420,&quot;scrollSmoothOffset&quot;:0,&quot;orderedList&quot;:false,&quot;positionFixedSelector&quot;:&quot;.tpgb-table-content&quot;,&quot;fixedSidebarOffset&quot;:&quot;auto&quot;,&quot;hasInnerContainers&quot;:true}\"><div class=\"tpgb-toc-wrap  active\" ><div class=\"tpgb-toc-heading tpgb-trans-linear\"><span><span>Sommaire<\/span><\/span><\/div><div class=\"tpgb-toc toc\"><\/div><\/div><\/div>\n<\/div><\/div><\/div>\n<\/div><\/div>","protected":false},"excerpt":{"rendered":"","protected":false},"author":1,"featured_media":56,"parent":15,"menu_order":60,"comment_status":"closed","ping_status":"closed","template":"","meta":{"_acf_changed":false,"tpgb_global_settings":"","_uag_custom_page_level_css":"","site-sidebar-layout":"default","site-content-layout":"","ast-site-content-layout":"","site-content-style":"default","site-sidebar-style":"default","ast-global-header-display":"","ast-banner-title-visibility":"","ast-main-header-display":"","ast-hfb-above-header-display":"","ast-hfb-below-header-display":"","ast-hfb-mobile-header-display":"","site-post-title":"disabled","ast-breadcrumbs-content":"","ast-featured-img":"disabled","footer-sml-layout":"","theme-transparent-header-meta":"","adv-header-id-meta":"","stick-header-meta":"","header-above-stick-meta":"","header-main-stick-meta":"","header-below-stick-meta":"","astra-migrate-meta-layouts":"default","ast-page-background-enabled":"default","ast-page-background-meta":{"desktop":{"background-color":"var(--ast-global-color-4)","background-image":"","background-repeat":"repeat","background-position":"center center","background-size":"auto","background-attachment":"scroll","background-type":"","background-media":"","overlay-type":"","overlay-color":"","overlay-gradient":""},"tablet":{"background-color":"","background-image":"","background-repeat":"repeat","background-position":"center center","background-size":"auto","background-attachment":"scroll","background-type":"","background-media":"","overlay-type":"","overlay-color":"","overlay-gradient":""},"mobile":{"background-color":"","background-image":"","background-repeat":"repeat","background-position":"center center","background-size":"auto","background-attachment":"scroll","background-type":"","background-media":"","overlay-type":"","overlay-color":"","overlay-gradient":""}},"ast-content-background-meta":{"desktop":{"background-color":"var(--ast-global-color-5)","background-image":"","background-repeat":"repeat","background-position":"center center","background-size":"auto","background-attachment":"scroll","background-type":"","background-media":"","overlay-type":"","overlay-color":"","overlay-gradient":""},"tablet":{"background-color":"var(--ast-global-color-5)","background-image":"","background-repeat":"repeat","background-position":"center center","background-size":"auto","background-attachment":"scroll","background-type":"","background-media":"","overlay-type":"","overlay-color":"","overlay-gradient":""},"mobile":{"background-color":"var(--ast-global-color-5)","background-image":"","background-repeat":"repeat","background-position":"center center","background-size":"auto","background-attachment":"scroll","background-type":"","background-media":"","overlay-type":"","overlay-color":"","overlay-gradient":""}},"_EventAllDay":false,"_EventTimezone":"","_EventStartDate":"","_EventEndDate":"","_EventStartDateUTC":"","_EventEndDateUTC":"","_EventShowMap":false,"_EventShowMapLink":false,"_EventURL":"","_EventCost":"","_EventCostDescription":"","_EventCurrencySymbol":"","_EventCurrencyCode":"","_EventCurrencyPosition":"","_EventDateTimeSeparator":"","_EventTimeRangeSeparator":"","_EventOrganizerID":[],"_EventVenueID":[0],"_OrganizerEmail":"","_OrganizerPhone":"","_OrganizerWebsite":"","_VenueAddress":"","_VenueCity":"","_VenueCountry":"","_VenueProvince":"","_VenueState":"","_VenueZip":"","_VenuePhone":"","_VenueURL":"","_VenueStateProvince":"","_VenueLat":"","_VenueLng":"","_VenueShowMap":false,"_VenueShowMapLink":false,"footnotes":""},"class_list":["post-53","page","type-page","status-publish","has-post-thumbnail","hentry"],"acf":[],"tpgb_featured_images":{"full":["https:\/\/paumefrance.com\/wp-content\/uploads\/2023\/02\/facade.jpg",1181,1573,false],"tp-image-grid":["https:\/\/paumefrance.com\/wp-content\/uploads\/2023\/02\/facade.jpg",526,700,false],"thumbnail":["https:\/\/paumefrance.com\/wp-content\/uploads\/2023\/02\/facade-150x150.jpg",150,150,true],"medium":["https:\/\/paumefrance.com\/wp-content\/uploads\/2023\/02\/facade-225x300.jpg",225,300,true],"medium_large":["https:\/\/paumefrance.com\/wp-content\/uploads\/2023\/02\/facade-768x1023.jpg",768,1023,true],"large":["https:\/\/paumefrance.com\/wp-content\/uploads\/2023\/02\/facade-769x1024.jpg",769,1024,true],"default":"https:\/\/paumefrance.com\/wp-content\/plugins\/the-plus-addons-for-block-editor\/assets\/images\/tpgb-placeholder.jpg"},"tpgb_post_meta_info":{"get_date":"26 February 2023","author_name":"Alain LIM","author_url":"#","author_email":"tegomassria@gmail.com","author_website":"","author_description":"","author_facebook":"","author_twitter":"","author_instagram":"","author_role":["administrator"],"author_firstname":"Alain","author_lastname":"LIM","user_login":"tegomassria","author_avatar":"<img alt='' src='https:\/\/secure.gravatar.com\/avatar\/2e94265b538a7c35ccd0671e94a2164db734a13410595ffaf671c113d3ea4dfd?s=200&#038;d=mm&#038;r=g' srcset='https:\/\/secure.gravatar.com\/avatar\/2e94265b538a7c35ccd0671e94a2164db734a13410595ffaf671c113d3ea4dfd?s=400&#038;d=mm&#038;r=g 2x' class='avatar avatar-200 photo' height='200' width='200' decoding='async'\/>","author_avatar_url":"https:\/\/secure.gravatar.com\/avatar\/2e94265b538a7c35ccd0671e94a2164db734a13410595ffaf671c113d3ea4dfd?s=96&d=mm&r=g","comment_count":0,"post_likes":0,"post_views":0},"tpgb_post_category":[],"uagb_featured_image_src":{"full":["https:\/\/paumefrance.com\/wp-content\/uploads\/2023\/02\/facade.jpg",1181,1573,false],"thumbnail":["https:\/\/paumefrance.com\/wp-content\/uploads\/2023\/02\/facade-150x150.jpg",150,150,true],"medium":["https:\/\/paumefrance.com\/wp-content\/uploads\/2023\/02\/facade-225x300.jpg",225,300,true],"medium_large":["https:\/\/paumefrance.com\/wp-content\/uploads\/2023\/02\/facade-768x1023.jpg",768,1023,true],"large":["https:\/\/paumefrance.com\/wp-content\/uploads\/2023\/02\/facade-769x1024.jpg",769,1024,true],"1536x1536":["https:\/\/paumefrance.com\/wp-content\/uploads\/2023\/02\/facade-1153x1536.jpg",1153,1536,true],"2048x2048":["https:\/\/paumefrance.com\/wp-content\/uploads\/2023\/02\/facade.jpg",1181,1573,false],"trp-custom-language-flag":["https:\/\/paumefrance.com\/wp-content\/uploads\/2023\/02\/facade.jpg",9,12,false],"tp-image-grid":["https:\/\/paumefrance.com\/wp-content\/uploads\/2023\/02\/facade.jpg",526,700,false]},"uagb_author_info":{"display_name":"Alain LIM","author_link":"#"},"uagb_comment_info":0,"uagb_excerpt":null,"_links":{"self":[{"href":"https:\/\/paumefrance.com\/en\/wp-json\/wp\/v2\/pages\/53","targetHints":{"allow":["GET"]}}],"collection":[{"href":"https:\/\/paumefrance.com\/en\/wp-json\/wp\/v2\/pages"}],"about":[{"href":"https:\/\/paumefrance.com\/en\/wp-json\/wp\/v2\/types\/page"}],"author":[{"embeddable":true,"href":"https:\/\/paumefrance.com\/en\/wp-json\/wp\/v2\/users\/1"}],"replies":[{"embeddable":true,"href":"https:\/\/paumefrance.com\/en\/wp-json\/wp\/v2\/comments?post=53"}],"version-history":[{"count":0,"href":"https:\/\/paumefrance.com\/en\/wp-json\/wp\/v2\/pages\/53\/revisions"}],"up":[{"embeddable":true,"href":"https:\/\/paumefrance.com\/en\/wp-json\/wp\/v2\/pages\/15"}],"wp:featuredmedia":[{"embeddable":true,"href":"https:\/\/paumefrance.com\/en\/wp-json\/wp\/v2\/media\/56"}],"wp:attachment":[{"href":"https:\/\/paumefrance.com\/en\/wp-json\/wp\/v2\/media?parent=53"}],"curies":[{"name":"wp","href":"https:\/\/api.w.org\/{rel}","templated":true}]}}